{"id":13061,"date":"2021-04-22T16:37:28","date_gmt":"2021-04-22T09:37:28","guid":{"rendered":"https:\/\/madebymaries.com\/stories-are-told\/"},"modified":"2024-08-04T09:39:43","modified_gmt":"2024-08-04T02:39:43","slug":"stories-are-told","status":"publish","type":"page","link":"https:\/\/madebymaries.com\/en\/blog\/stories-are-told\/","title":{"rendered":"Stories are told"},"content":{"rendered":"\t<div id=\"text-2980508930\" class=\"text\">\n\t\t\t\t\n<style>\n#text-2980508930 {\n  text-align: center;\n}\n<\/style>\n\t<\/div>\n\t\n<p>&nbsp;<\/p>\n<p><img decoding=\"async\" loading=\"lazy\" class=\"alignnone size-large wp-image-3123 aligncenter\" src=\"https:\/\/madebymaries.com\/wp-content\/uploads\/2021\/04\/164039755_276588014055255_7214840653154595819_n-1024x768.jpg\" alt=\"\" width=\"1020\" height=\"765\" \/><\/p>\n<p><strong> We are<\/strong> so thankful to your love for Maries through stories and articles Every stories will help Maries spreads multiple values for our brand Thank you<\/p>\n<ul>\n<li>\n<h6>Trang <strong><a href=\"https:\/\/phunuvietnam.vn\/chuyen-huong-thanh-cong-sang-san-pham-truyen-thong-sau-khi-nganh-du-lich-bi-dong-bang-vi-covid-20210315122953949.htm\">Ph\u1ee5 N\u1eef Vi\u1ec7t Nam:<\/a><\/strong> Xem b\u00e0i vi\u1ebft &#8220;<strong><a href=\"https:\/\/phunuvietnam.vn\/chuyen-huong-thanh-cong-sang-san-pham-truyen-thong-sau-khi-nganh-du-lich-bi-dong-bang-vi-covid-20210315122953949.htm\">Chuy\u1ec3n h\u01b0\u1edbng th\u00e0nh c\u00f4ng sang s\u1ea3n ph\u1ea9m truy\u1ec1n th\u1ed1ng khi ng\u00e0nh du l\u1ecbch b\u1ecb \u201c\u0111\u00f3ng b\u0103ng\u201d v\u00ec Covid-19<\/a>&#8220;<\/strong><\/h6>\n<\/li>\n<li>\n<h6>Trang <strong><strong><a href=\"https:\/\/tuoitre.vn\/non-la-tui-xach-vi-tu-la-sen-co-bang-duoc-to-diem-thanh-san-pham-an-tien-20210307152649545.htm?fbclid=IwAR0LozklWItUJDgkbcVy4KoFbrqt7Eocxa1aictug1JRcuC_wqsd2hYi0GA\">Tu\u1ed5i Tr\u1ebb<\/a>:<\/strong><\/strong>Xem b\u00e0i vi\u1ebft: <strong><a href=\"https:\/\/tuoitre.vn\/non-la-tui-xach-vi-tu-la-sen-co-bang-duoc-to-diem-thanh-san-pham-an-tien-20210307152649545.htm?fbclid=IwAR0LozklWItUJDgkbcVy4KoFbrqt7Eocxa1aictug1JRcuC_wqsd2hYi0GA\">&#8220;N\u00f3n l\u00e1, t\u00fai x\u00e1ch, v\u00ed t\u1eeb l\u00e1 sen, c\u1ecf b\u00e0ng \u0111\u01b0\u1ee3c t\u00f4 \u0111i\u1ec3m th\u00e0nh s\u1ea3n ph\u1ea9m &#8216;\u0103n ti\u1ec1n'&#8221;<\/a><\/strong><\/h6>\n<\/li>\n<\/ul>\n","protected":false},"excerpt":{"rendered":"<p>&nbsp; We are so thankful to your love for Maries through stories and articles Every stories will help Maries spreads multiple values for our brand Thank you Trang Ph\u1ee5 N\u1eef Vi\u1ec7t Nam: Xem b\u00e0i vi\u1ebft &#8220;Chuy\u1ec3n h\u01b0\u1edbng th\u00e0nh c\u00f4ng sang s\u1ea3n ph\u1ea9m truy\u1ec1n th\u1ed1ng khi ng\u00e0nh du l\u1ecbch b\u1ecb \u201c\u0111\u00f3ng b\u0103ng\u201d v\u00ec Covid-19&#8220; Trang Tu\u1ed5i&#8230;<\/p>\n","protected":false},"author":2,"featured_media":0,"parent":13065,"menu_order":0,"comment_status":"closed","ping_status":"closed","template":"","meta":{"inline_featured_image":false,"footnotes":""},"yoast_head":"<!-- This site is optimized with the Yoast SEO plugin v20.13 - https:\/\/yoast.com\/wordpress\/plugins\/seo\/ -->\n<title>Stories are told - Maries - By Viet Artisans<\/title>\n<meta name=\"robots\" content=\"index, follow, max-snippet:-1, max-image-preview:large, max-video-preview:-1\" \/>\n<link rel=\"canonical\" href=\"https:\/\/madebymaries.com\/en\/blog\/stories-are-told\/\" \/>\n<meta property=\"og:locale\" content=\"en_US\" \/>\n<meta property=\"og:type\" content=\"article\" \/>\n<meta property=\"og:title\" content=\"Stories are told - Maries - By Viet Artisans\" \/>\n<meta property=\"og:description\" content=\"&nbsp; We are so thankful to your love for Maries through stories and articles Every stories will help Maries spreads multiple values for our brand Thank you Trang Ph\u1ee5 N\u1eef Vi\u1ec7t Nam: Xem b\u00e0i vi\u1ebft &#8220;Chuy\u1ec3n h\u01b0\u1edbng th\u00e0nh c\u00f4ng sang s\u1ea3n ph\u1ea9m truy\u1ec1n th\u1ed1ng khi ng\u00e0nh du l\u1ecbch b\u1ecb \u201c\u0111\u00f3ng b\u0103ng\u201d v\u00ec Covid-19&#8220; Trang Tu\u1ed5i...\" \/>\n<meta property=\"og:url\" content=\"https:\/\/madebymaries.com\/en\/blog\/stories-are-told\/\" \/>\n<meta property=\"og:site_name\" content=\"Maries - By Viet Artisans\" \/>\n<meta property=\"article:publisher\" content=\"https:\/\/www.facebook.com\/MariesCoBangXuHue\/\" \/>\n<meta property=\"article:modified_time\" content=\"2024-08-04T02:39:43+00:00\" \/>\n<meta property=\"og:image\" content=\"https:\/\/madebymaries.com\/wp-content\/uploads\/2021\/04\/164039755_276588014055255_7214840653154595819_n-1024x768.jpg\" \/>\n<meta name=\"twitter:card\" content=\"summary_large_image\" \/>\n<meta name=\"twitter:label1\" content=\"Est. reading time\" \/>\n\t<meta name=\"twitter:data1\" content=\"1 minute\" \/>\n<script type=\"application\/ld+json\" class=\"yoast-schema-graph\">{\"@context\":\"https:\/\/schema.org\",\"@graph\":[{\"@type\":\"WebPage\",\"@id\":\"https:\/\/madebymaries.com\/en\/blog\/stories-are-told\/\",\"url\":\"https:\/\/madebymaries.com\/en\/blog\/stories-are-told\/\",\"name\":\"Stories are told - Maries - By Viet Artisans\",\"isPartOf\":{\"@id\":\"https:\/\/madebymaries.com\/#website\"},\"datePublished\":\"2021-04-22T09:37:28+00:00\",\"dateModified\":\"2024-08-04T02:39:43+00:00\",\"breadcrumb\":{\"@id\":\"https:\/\/madebymaries.com\/en\/blog\/stories-are-told\/#breadcrumb\"},\"inLanguage\":\"en-US\",\"potentialAction\":[{\"@type\":\"ReadAction\",\"target\":[\"https:\/\/madebymaries.com\/en\/blog\/stories-are-told\/\"]}]},{\"@type\":\"BreadcrumbList\",\"@id\":\"https:\/\/madebymaries.com\/en\/blog\/stories-are-told\/#breadcrumb\",\"itemListElement\":[{\"@type\":\"ListItem\",\"position\":1,\"name\":\"Home\",\"item\":\"https:\/\/madebymaries.com\/en\/\"},{\"@type\":\"ListItem\",\"position\":2,\"name\":\"Blog\",\"item\":\"https:\/\/madebymaries.com\/blog\/\"},{\"@type\":\"ListItem\",\"position\":3,\"name\":\"Stories are told\"}]},{\"@type\":\"WebSite\",\"@id\":\"https:\/\/madebymaries.com\/#website\",\"url\":\"https:\/\/madebymaries.com\/\",\"name\":\"Maries - By Viet Artisans\",\"description\":\"\",\"publisher\":{\"@id\":\"https:\/\/madebymaries.com\/#organization\"},\"potentialAction\":[{\"@type\":\"SearchAction\",\"target\":{\"@type\":\"EntryPoint\",\"urlTemplate\":\"https:\/\/madebymaries.com\/?s={search_term_string}\"},\"query-input\":\"required name=search_term_string\"}],\"inLanguage\":\"en-US\"},{\"@type\":\"Organization\",\"@id\":\"https:\/\/madebymaries.com\/#organization\",\"name\":\"Marie's - C\u1ecf B\u00e0ng X\u1ee9 Hu\u1ebf\",\"url\":\"https:\/\/madebymaries.com\/\",\"logo\":{\"@type\":\"ImageObject\",\"inLanguage\":\"en-US\",\"@id\":\"https:\/\/madebymaries.com\/#\/schema\/logo\/image\/\",\"url\":\"https:\/\/madebymaries.com\/wp-content\/uploads\/2023\/02\/z4135146430072_ccc313b7bbfa840e2f3f91dc80ec74d1-removebg-preview.png\",\"contentUrl\":\"https:\/\/madebymaries.com\/wp-content\/uploads\/2023\/02\/z4135146430072_ccc313b7bbfa840e2f3f91dc80ec74d1-removebg-preview.png\",\"width\":666,\"height\":375,\"caption\":\"Marie's - C\u1ecf B\u00e0ng X\u1ee9 Hu\u1ebf\"},\"image\":{\"@id\":\"https:\/\/madebymaries.com\/#\/schema\/logo\/image\/\"},\"sameAs\":[\"https:\/\/www.facebook.com\/MariesCoBangXuHue\/\",\"https:\/\/www.pinterest.com\/made_by_maries\/_created\/\",\"https:\/\/www.youtube.com\/channel\/UCFzuz4uO6jjiJoAqd_8y8MQ\"]}]}<\/script>\n<!-- \/ Yoast SEO plugin. -->","yoast_head_json":{"title":"Stories are told - Maries - By Viet Artisans","robots":{"index":"index","follow":"follow","max-snippet":"max-snippet:-1","max-image-preview":"max-image-preview:large","max-video-preview":"max-video-preview:-1"},"canonical":"https:\/\/madebymaries.com\/en\/blog\/stories-are-told\/","og_locale":"en_US","og_type":"article","og_title":"Stories are told - Maries - By Viet Artisans","og_description":"&nbsp; We are so thankful to your love for Maries through stories and articles Every stories will help Maries spreads multiple values for our brand Thank you Trang Ph\u1ee5 N\u1eef Vi\u1ec7t Nam: Xem b\u00e0i vi\u1ebft &#8220;Chuy\u1ec3n h\u01b0\u1edbng th\u00e0nh c\u00f4ng sang s\u1ea3n ph\u1ea9m truy\u1ec1n th\u1ed1ng khi ng\u00e0nh du l\u1ecbch b\u1ecb \u201c\u0111\u00f3ng b\u0103ng\u201d v\u00ec Covid-19&#8220; Trang Tu\u1ed5i...","og_url":"https:\/\/madebymaries.com\/en\/blog\/stories-are-told\/","og_site_name":"Maries - By Viet Artisans","article_publisher":"https:\/\/www.facebook.com\/MariesCoBangXuHue\/","article_modified_time":"2024-08-04T02:39:43+00:00","og_image":[{"url":"https:\/\/madebymaries.com\/wp-content\/uploads\/2021\/04\/164039755_276588014055255_7214840653154595819_n-1024x768.jpg"}],"twitter_card":"summary_large_image","twitter_misc":{"Est. reading time":"1 minute"},"schema":{"@context":"https:\/\/schema.org","@graph":[{"@type":"WebPage","@id":"https:\/\/madebymaries.com\/en\/blog\/stories-are-told\/","url":"https:\/\/madebymaries.com\/en\/blog\/stories-are-told\/","name":"Stories are told - Maries - By Viet Artisans","isPartOf":{"@id":"https:\/\/madebymaries.com\/#website"},"datePublished":"2021-04-22T09:37:28+00:00","dateModified":"2024-08-04T02:39:43+00:00","breadcrumb":{"@id":"https:\/\/madebymaries.com\/en\/blog\/stories-are-told\/#breadcrumb"},"inLanguage":"en-US","potentialAction":[{"@type":"ReadAction","target":["https:\/\/madebymaries.com\/en\/blog\/stories-are-told\/"]}]},{"@type":"BreadcrumbList","@id":"https:\/\/madebymaries.com\/en\/blog\/stories-are-told\/#breadcrumb","itemListElement":[{"@type":"ListItem","position":1,"name":"Home","item":"https:\/\/madebymaries.com\/en\/"},{"@type":"ListItem","position":2,"name":"Blog","item":"https:\/\/madebymaries.com\/blog\/"},{"@type":"ListItem","position":3,"name":"Stories are told"}]},{"@type":"WebSite","@id":"https:\/\/madebymaries.com\/#website","url":"https:\/\/madebymaries.com\/","name":"Maries - By Viet Artisans","description":"","publisher":{"@id":"https:\/\/madebymaries.com\/#organization"},"potentialAction":[{"@type":"SearchAction","target":{"@type":"EntryPoint","urlTemplate":"https:\/\/madebymaries.com\/?s={search_term_string}"},"query-input":"required name=search_term_string"}],"inLanguage":"en-US"},{"@type":"Organization","@id":"https:\/\/madebymaries.com\/#organization","name":"Marie's - C\u1ecf B\u00e0ng X\u1ee9 Hu\u1ebf","url":"https:\/\/madebymaries.com\/","logo":{"@type":"ImageObject","inLanguage":"en-US","@id":"https:\/\/madebymaries.com\/#\/schema\/logo\/image\/","url":"https:\/\/madebymaries.com\/wp-content\/uploads\/2023\/02\/z4135146430072_ccc313b7bbfa840e2f3f91dc80ec74d1-removebg-preview.png","contentUrl":"https:\/\/madebymaries.com\/wp-content\/uploads\/2023\/02\/z4135146430072_ccc313b7bbfa840e2f3f91dc80ec74d1-removebg-preview.png","width":666,"height":375,"caption":"Marie's - C\u1ecf B\u00e0ng X\u1ee9 Hu\u1ebf"},"image":{"@id":"https:\/\/madebymaries.com\/#\/schema\/logo\/image\/"},"sameAs":["https:\/\/www.facebook.com\/MariesCoBangXuHue\/","https:\/\/www.pinterest.com\/made_by_maries\/_created\/","https:\/\/www.youtube.com\/channel\/UCFzuz4uO6jjiJoAqd_8y8MQ"]}]}},"acf":[],"_links":{"self":[{"href":"https:\/\/madebymaries.com\/en\/wp-json\/wp\/v2\/pages\/13061"}],"collection":[{"href":"https:\/\/madebymaries.com\/en\/wp-json\/wp\/v2\/pages"}],"about":[{"href":"https:\/\/madebymaries.com\/en\/wp-json\/wp\/v2\/types\/page"}],"author":[{"embeddable":true,"href":"https:\/\/madebymaries.com\/en\/wp-json\/wp\/v2\/users\/2"}],"replies":[{"embeddable":true,"href":"https:\/\/madebymaries.com\/en\/wp-json\/wp\/v2\/comments?post=13061"}],"version-history":[{"count":1,"href":"https:\/\/madebymaries.com\/en\/wp-json\/wp\/v2\/pages\/13061\/revisions"}],"predecessor-version":[{"id":17222,"href":"https:\/\/madebymaries.com\/en\/wp-json\/wp\/v2\/pages\/13061\/revisions\/17222"}],"up":[{"embeddable":true,"href":"https:\/\/madebymaries.com\/en\/wp-json\/wp\/v2\/pages\/13065"}],"wp:attachment":[{"href":"https:\/\/madebymaries.com\/en\/wp-json\/wp\/v2\/media?parent=13061"}],"curies":[{"name":"wp","href":"https:\/\/api.w.org\/{rel}","templated":true}]}}