{"id":21173,"date":"2025-09-07T10:06:49","date_gmt":"2025-09-07T03:06:49","guid":{"rendered":"https:\/\/madebymaries.com\/?page_id=21173"},"modified":"2025-09-07T10:21:06","modified_gmt":"2025-09-07T03:21:06","slug":"nhan-vien-thiet-ke-san-pham","status":"publish","type":"page","link":"https:\/\/madebymaries.com\/en\/co-hoi-viec-lam\/nhan-vien-thiet-ke-san-pham\/","title":{"rendered":"Nh\u00e2n Vi\u00ean Thi\u1ebft K\u1ebf S\u1ea3n Ph\u1ea9m"},"content":{"rendered":"<h2 style=\"text-align: center;\"><span style=\"color: #d83131; font-family: arial, helvetica, sans-serif;\"><strong>TH\u00d4NG TIN TUY\u1ec2N D\u1ee4NG<\/strong><\/span><\/h2>\n<h4 style=\"text-align: center;\"><span style=\"color: #d83131; font-family: arial, helvetica, sans-serif;\"><strong>V\u1ecb tr\u00ed:<\/strong> <strong>Nh\u00e2n Vi\u00ean Thi\u1ebft K\u1ebf S\u1ea3n Ph\u1ea9m<\/strong><\/span><\/h4>\n<p><span style=\"text-decoration: underline; font-family: arial, helvetica, sans-serif;\"><strong>1, TH\u00d4NG TIN TUY\u1ec2N D\u1ee4NG<\/strong><\/span><\/p>\n<ul>\n<li><span style=\"font-family: arial, helvetica, sans-serif;\"><strong>S\u1ed1 l\u01b0\u1ee3ng:<\/strong> 02 (\u01afu ti\u00ean N\u1eef)<\/span><\/li>\n<li><span style=\"font-family: arial, helvetica, sans-serif;\"><strong>Th\u1eddi gian l\u00e0m vi\u1ec7c:<\/strong> 48h\/tu\u1ea7n, t\u1eeb Th\u1ee9 Hai \u0111\u1ebfn Th\u1ee9 B\u1ea3y (S\u00e1ng: 7h30 \u2013 11h30, Chi\u1ec1u: 1h30 \u2013 17h30)<\/span><\/li>\n<li><span style=\"font-family: arial, helvetica, sans-serif;\"><strong>N\u01a1i l\u00e0m vi\u1ec7c:<\/strong> Showroom Maries \u2013 54A Chu V\u0103n An, Hu\u1ebf<\/span><\/li>\n<\/ul>\n<p><span style=\"text-decoration: underline; font-family: arial, helvetica, sans-serif;\"><strong>2, V\u1ec0 MARIES<\/strong><\/span><\/p>\n<p><span style=\"font-family: arial, helvetica, sans-serif;\">Maries l\u00e0 doanh nghi\u1ec7p s\u1ea3n xu\u1ea5t v\u00e0 th\u01b0\u01a1ng m\u1ea1i c\u00e1c s\u1ea3n ph\u1ea9m th\u1eddi trang \u2013 qu\u00e0 t\u1eb7ng handmade t\u1eeb s\u1ee3i C\u1ecf B\u00e0ng thi\u00ean nhi\u00ean x\u1ee9 Hu\u1ebf. Ch\u00fang t\u00f4i k\u1ebft n\u1ed1i nh\u1eefng ng\u01b0\u1eddi y\u00eau ngh\u1ec1 th\u1ee7 c\u00f4ng, c\u00e1c ngh\u1ec7 nh\u00e2n, h\u1ecda s\u0129 \u0111\u1ec3 t\u1ea1o n\u00ean c\u00e1c s\u1ea3n ph\u1ea9m mang \u0111\u1eadm b\u1ea3n s\u1eafc d\u00e2n t\u1ed9c nh\u01b0: V\u00ed C\u1ecf B\u00e0ng, T\u00fai X\u00e1ch, N\u00f3n L\u00e1, M\u0169 C\u1ecf B\u00e0ng,&#8230;<\/span><\/p>\n<p><span style=\"text-decoration: underline; font-family: arial, helvetica, sans-serif;\"><strong>3, M\u00d4 T\u1ea2 C\u00d4NG VI\u1ec6C: <\/strong><\/span><\/p>\n<div class=\"x14z9mp xat24cr x1lziwak x1vvkbs xtlvy1s x126k92a\">\n<ul>\n<li dir=\"auto\"><span style=\"font-family: arial, helvetica, sans-serif;\">L\u00ean thi\u1ebft k\u1ebf cho c\u00e1c s\u1ea3n ph\u1ea9m: t\u00fai x\u00e1ch handmade, \u00e1o qu\u1ea7n th\u1eddi trang.<\/span><\/li>\n<li dir=\"auto\"><span style=\"font-family: arial, helvetica, sans-serif;\">Th\u00e0nh th\u1ea1o m\u00e1y may 1 kim \u0111\u1ec3 t\u1ea1o m\u1eabu, ho\u00e0n thi\u1ec7n thi\u1ebft k\u1ebf.<\/span><\/li>\n<li dir=\"auto\"><span style=\"font-family: arial, helvetica, sans-serif;\">C\u00f3 kh\u1ea3 n\u0103ng s\u1eed d\u1ee5ng ph\u1ea7n m\u1ec1m \u0111\u1ed3 h\u1ecda chuy\u00ean ng\u00e0nh (Ai, Corel Draw,\u2026), c\u00f3 kh\u1ea3 n\u0103ng ph\u00e1c th\u1ea3o b\u1eb1ng tay.<\/span><\/li>\n<li dir=\"auto\"><span style=\"font-family: arial, helvetica, sans-serif;\">C\u1eadp nh\u1eadt t\u1ed1t v\u1ec1 xu h\u01b0\u1edbng th\u1ecb tr\u01b0\u1eddng th\u1eddi trang trong n\u01b0\u1edbc v\u00e0 qu\u1ed1c t\u1ebf.<\/span><\/li>\n<\/ul>\n<\/div>\n<p><span style=\"text-decoration: underline; font-family: arial, helvetica, sans-serif;\"><strong>4, Y\u00caU C\u1ea6U N\u0102NG L\u1ef0C, PH\u1ea8M CH\u1ea4T:<\/strong><\/span><\/p>\n<ul>\n<li><span style=\"font-family: arial, helvetica, sans-serif;\">Tr\u00ecnh \u0111\u1ed9: T\u1ed1t nghi\u1ec7p chuy\u00ean ng\u00e0nh thi\u1ebft k\u1ebf th\u1eddi trang\/m\u1ef9 thu\u1eadt c\u00f4ng nghi\u1ec7p<\/span><\/li>\n<li><span style=\"font-family: arial, helvetica, sans-serif;\">Kinh nghi\u1ec7m chuy\u00ean m\u00f4n: t\u1eeb 1 n\u0103m tr\u1edf l\u00ean<\/span><\/li>\n<li><span style=\"font-family: arial, helvetica, sans-serif;\">Nhi\u1ec7t huy\u1ebft, trung th\u1ef1c, c\u1ea7u ti\u1ebfn, s\u00e1ng t\u1ea1o, h\u00f2a \u0111\u1ed3ng<\/span><\/li>\n<li><span style=\"font-family: arial, helvetica, sans-serif;\">L\u00e0 ng\u01b0\u1eddi y\u00eau th\u1eddi trang v\u00e0 th\u00edch s\u00e1ng t\u1ea1o<\/span><\/li>\n<li><span style=\"font-family: arial, helvetica, sans-serif;\">K\u1ef9 n\u0103ng l\u00e0m vi\u1ec7c \u0111\u1ed9c l\u1eadp, l\u00e0m vi\u1ec7c nh\u00f3m t\u1ed1t.<\/span><\/li>\n<li><span style=\"font-family: arial, helvetica, sans-serif;\">C\u00f3 th\u00e1i \u0111\u1ed9 l\u00e0m vi\u1ec7c t\u1ed1t<\/span><\/li>\n<\/ul>\n<p><span style=\"text-decoration: underline; font-family: arial, helvetica, sans-serif;\"><strong>5, QUY\u1ec0N L\u1ee2I<\/strong>:<\/span><\/p>\n<ul>\n<li><span style=\"font-family: arial, helvetica, sans-serif;\">Thu nh\u1eadp: Th\u1ecfa thu\u1eadn theo n\u0103ng l\u1ef1c khi ph\u1ecfng v\u1ea5n.<\/span><\/li>\n<li><span style=\"font-family: arial, helvetica, sans-serif;\">Th\u01b0\u1edfng: X\u00e9t t\u0103ng l\u01b0\u01a1ng theo qu\u00fd, th\u01b0\u1edfng l\u1ec5\/t\u1ebft, sinh nh\u1eadt, \u01b0u \u0111\u00e3i mua h\u00e0ng n\u1ed9i b\u1ed9.<\/span><\/li>\n<li><span style=\"font-family: arial, helvetica, sans-serif;\">M\u00f4i tr\u01b0\u1eddng: s\u00e1ng t\u1ea1o, gi\u00e0u c\u1ea3m h\u1ee9ng v\u0103n h\u00f3a.<\/span><\/li>\n<li><span style=\"font-family: arial, helvetica, sans-serif;\">C\u01a1 h\u1ed9i: \u0110\u01b0\u1ee3c tham gia kh\u00f3a h\u1ecdc ph\u00e1t tri\u1ec3n chuy\u00ean m\u00f4n.<\/span><\/li>\n<\/ul>\n<h3><span style=\"font-family: arial, helvetica, sans-serif;\">\ud83d\udcec <strong>C\u00c1CH \u1ee8NG TUY\u1ec2N<\/strong><\/span><\/h3>\n<p><span style=\"font-family: arial, helvetica, sans-serif;\">\ud83d\udce7 \u00a0G\u1eedi CV &amp; th\u01b0 \u1ee9ng tuy\u1ec3n v\u1ec1: <strong>madebymaries@gmail.com<\/strong><\/span><br \/>\n<span style=\"font-family: arial, helvetica, sans-serif;\">\ud83d\udcde \u00a0Li\u00ean h\u1ec7 S\u0110T\/ZALO: <strong>0901 981 502 (Ms. Minh Th\u01b0) \u2013 0935 115 215 (Hotline)<\/strong><\/span><br \/>\n<span style=\"font-family: arial, helvetica, sans-serif;\">\ud83c\udf10 Website: <a href=\"https:\/\/madebymaries.com\">madebymaries.com<\/a><\/span><br \/>\n<span style=\"font-family: arial, helvetica, sans-serif;\">\ud83d\udcd8 Fanpage: <a href=\"https:\/\/www.facebook.com\/MariesCoBangXuHue\">facebook.com\/MariesCoBangXuHue<\/a><\/span><\/p>\n<p><span style=\"font-family: arial, helvetica, sans-serif;\">N\u1ebfu b\u1ea1n th\u1ea5y m\u00ecnh l\u00e0 \u201cm\u1ea3nh gh\u00e9p\u201d ph\u00f9 h\u1ee3p, \u0111\u1eebng ng\u1ea7n ng\u1ea1i \u1ee9ng tuy\u1ec3n. C\u00f9ng Maries lan t\u1ecfa v\u1ebb \u0111\u1eb9p Hu\u1ebf \u0111\u1ebfn g\u1ea7n h\u01a1n v\u1edbi c\u1ed9ng \u0111\u1ed3ng y\u00eau v\u0103n h\u00f3a Vi\u1ec7t!<\/span><\/p>\n<p style=\"text-align: right;\"><span style=\"font-family: arial, helvetica, sans-serif;\"><strong><em>Tr\u00e2n tr\u1ecdng,<\/em><\/strong><\/span><\/p>\n<p style=\"text-align: right;\"><span style=\"font-family: arial, helvetica, sans-serif;\"><strong>C\u00d4NG TY TNHH MARIES<\/strong><\/span><\/p>\n<p>&nbsp;<\/p>\n","protected":false},"excerpt":{"rendered":"<p>TH\u00d4NG TIN TUY\u1ec2N D\u1ee4NG V\u1ecb tr\u00ed: Nh\u00e2n Vi\u00ean Thi\u1ebft K\u1ebf S\u1ea3n Ph\u1ea9m 1, TH\u00d4NG TIN TUY\u1ec2N D\u1ee4NG S\u1ed1 l\u01b0\u1ee3ng: 02 (\u01afu ti\u00ean N\u1eef) Th\u1eddi gian l\u00e0m vi\u1ec7c: 48h\/tu\u1ea7n, t\u1eeb Th\u1ee9 Hai \u0111\u1ebfn Th\u1ee9 B\u1ea3y (S\u00e1ng: 7h30 \u2013 11h30, Chi\u1ec1u: 1h30 \u2013 17h30) N\u01a1i l\u00e0m vi\u1ec7c: Showroom Maries \u2013 54A Chu V\u0103n An, Hu\u1ebf 2, V\u1ec0&#8230;<\/p>\n","protected":false},"author":1,"featured_media":21174,"parent":21169,"menu_order":0,"comment_status":"closed","ping_status":"closed","template":"","meta":{"inline_featured_image":false,"footnotes":""},"yoast_head":"<!-- This site is optimized with the Yoast SEO plugin v20.13 - https:\/\/yoast.com\/wordpress\/plugins\/seo\/ -->\n<title>Nh\u00e2n Vi\u00ean Thi\u1ebft K\u1ebf S\u1ea3n Ph\u1ea9m - Maries - By Viet Artisans<\/title>\n<meta name=\"robots\" content=\"index, follow, max-snippet:-1, max-image-preview:large, max-video-preview:-1\" \/>\n<link rel=\"canonical\" href=\"https:\/\/madebymaries.com\/co-hoi-viec-lam\/nhan-vien-thiet-ke-san-pham\/\" \/>\n<meta property=\"og:locale\" content=\"en_US\" \/>\n<meta property=\"og:type\" content=\"article\" \/>\n<meta property=\"og:title\" content=\"Nh\u00e2n Vi\u00ean Thi\u1ebft K\u1ebf S\u1ea3n Ph\u1ea9m - Maries - By Viet Artisans\" \/>\n<meta property=\"og:description\" content=\"TH\u00d4NG TIN TUY\u1ec2N D\u1ee4NG V\u1ecb tr\u00ed: Nh\u00e2n Vi\u00ean Thi\u1ebft K\u1ebf S\u1ea3n Ph\u1ea9m 1, TH\u00d4NG TIN TUY\u1ec2N D\u1ee4NG S\u1ed1 l\u01b0\u1ee3ng: 02 (\u01afu ti\u00ean N\u1eef) Th\u1eddi gian l\u00e0m vi\u1ec7c: 48h\/tu\u1ea7n, t\u1eeb Th\u1ee9 Hai \u0111\u1ebfn Th\u1ee9 B\u1ea3y (S\u00e1ng: 7h30 \u2013 11h30, Chi\u1ec1u: 1h30 \u2013 17h30) N\u01a1i l\u00e0m vi\u1ec7c: Showroom Maries \u2013 54A Chu V\u0103n An, Hu\u1ebf 2, V\u1ec0...\" \/>\n<meta property=\"og:url\" content=\"https:\/\/madebymaries.com\/co-hoi-viec-lam\/nhan-vien-thiet-ke-san-pham\/\" \/>\n<meta property=\"og:site_name\" content=\"Maries - By Viet Artisans\" \/>\n<meta property=\"article:publisher\" content=\"https:\/\/www.facebook.com\/MariesCoBangXuHue\/\" \/>\n<meta property=\"article:modified_time\" content=\"2025-09-07T03:21:06+00:00\" \/>\n<meta property=\"og:image\" content=\"https:\/\/madebymaries.com\/wp-content\/uploads\/2025\/09\/333194336_892227785420185_5204987176647967040_n.jpg\" \/>\n\t<meta property=\"og:image:width\" content=\"2048\" \/>\n\t<meta property=\"og:image:height\" content=\"2048\" \/>\n\t<meta property=\"og:image:type\" content=\"image\/jpeg\" \/>\n<meta name=\"twitter:card\" content=\"summary_large_image\" \/>\n<meta name=\"twitter:label1\" content=\"Est. reading time\" \/>\n\t<meta name=\"twitter:data1\" content=\"3 minutes\" \/>\n<script type=\"application\/ld+json\" class=\"yoast-schema-graph\">{\"@context\":\"https:\/\/schema.org\",\"@graph\":[{\"@type\":\"WebPage\",\"@id\":\"https:\/\/madebymaries.com\/co-hoi-viec-lam\/nhan-vien-thiet-ke-san-pham\/\",\"url\":\"https:\/\/madebymaries.com\/co-hoi-viec-lam\/nhan-vien-thiet-ke-san-pham\/\",\"name\":\"Nh\u00e2n Vi\u00ean Thi\u1ebft K\u1ebf S\u1ea3n Ph\u1ea9m - Maries - By Viet Artisans\",\"isPartOf\":{\"@id\":\"https:\/\/madebymaries.com\/#website\"},\"datePublished\":\"2025-09-07T03:06:49+00:00\",\"dateModified\":\"2025-09-07T03:21:06+00:00\",\"breadcrumb\":{\"@id\":\"https:\/\/madebymaries.com\/co-hoi-viec-lam\/nhan-vien-thiet-ke-san-pham\/#breadcrumb\"},\"inLanguage\":\"en-US\",\"potentialAction\":[{\"@type\":\"ReadAction\",\"target\":[\"https:\/\/madebymaries.com\/co-hoi-viec-lam\/nhan-vien-thiet-ke-san-pham\/\"]}]},{\"@type\":\"BreadcrumbList\",\"@id\":\"https:\/\/madebymaries.com\/co-hoi-viec-lam\/nhan-vien-thiet-ke-san-pham\/#breadcrumb\",\"itemListElement\":[{\"@type\":\"ListItem\",\"position\":1,\"name\":\"Home\",\"item\":\"https:\/\/madebymaries.com\/en\/\"},{\"@type\":\"ListItem\",\"position\":2,\"name\":\"C\u01a1 h\u1ed9i vi\u1ec7c l\u00e0m\",\"item\":\"https:\/\/madebymaries.com\/co-hoi-viec-lam\/\"},{\"@type\":\"ListItem\",\"position\":3,\"name\":\"Nh\u00e2n Vi\u00ean Thi\u1ebft K\u1ebf S\u1ea3n Ph\u1ea9m\"}]},{\"@type\":\"WebSite\",\"@id\":\"https:\/\/madebymaries.com\/#website\",\"url\":\"https:\/\/madebymaries.com\/\",\"name\":\"Maries - By Viet Artisans\",\"description\":\"\",\"publisher\":{\"@id\":\"https:\/\/madebymaries.com\/#organization\"},\"potentialAction\":[{\"@type\":\"SearchAction\",\"target\":{\"@type\":\"EntryPoint\",\"urlTemplate\":\"https:\/\/madebymaries.com\/?s={search_term_string}\"},\"query-input\":\"required name=search_term_string\"}],\"inLanguage\":\"en-US\"},{\"@type\":\"Organization\",\"@id\":\"https:\/\/madebymaries.com\/#organization\",\"name\":\"Marie's - C\u1ecf B\u00e0ng X\u1ee9 Hu\u1ebf\",\"url\":\"https:\/\/madebymaries.com\/\",\"logo\":{\"@type\":\"ImageObject\",\"inLanguage\":\"en-US\",\"@id\":\"https:\/\/madebymaries.com\/#\/schema\/logo\/image\/\",\"url\":\"https:\/\/madebymaries.com\/wp-content\/uploads\/2023\/02\/z4135146430072_ccc313b7bbfa840e2f3f91dc80ec74d1-removebg-preview.png\",\"contentUrl\":\"https:\/\/madebymaries.com\/wp-content\/uploads\/2023\/02\/z4135146430072_ccc313b7bbfa840e2f3f91dc80ec74d1-removebg-preview.png\",\"width\":666,\"height\":375,\"caption\":\"Marie's - C\u1ecf B\u00e0ng X\u1ee9 Hu\u1ebf\"},\"image\":{\"@id\":\"https:\/\/madebymaries.com\/#\/schema\/logo\/image\/\"},\"sameAs\":[\"https:\/\/www.facebook.com\/MariesCoBangXuHue\/\",\"https:\/\/www.pinterest.com\/made_by_maries\/_created\/\",\"https:\/\/www.youtube.com\/channel\/UCFzuz4uO6jjiJoAqd_8y8MQ\"]}]}<\/script>\n<!-- \/ Yoast SEO plugin. -->","yoast_head_json":{"title":"Nh\u00e2n Vi\u00ean Thi\u1ebft K\u1ebf S\u1ea3n Ph\u1ea9m - Maries - By Viet Artisans","robots":{"index":"index","follow":"follow","max-snippet":"max-snippet:-1","max-image-preview":"max-image-preview:large","max-video-preview":"max-video-preview:-1"},"canonical":"https:\/\/madebymaries.com\/co-hoi-viec-lam\/nhan-vien-thiet-ke-san-pham\/","og_locale":"en_US","og_type":"article","og_title":"Nh\u00e2n Vi\u00ean Thi\u1ebft K\u1ebf S\u1ea3n Ph\u1ea9m - Maries - By Viet Artisans","og_description":"TH\u00d4NG TIN TUY\u1ec2N D\u1ee4NG V\u1ecb tr\u00ed: Nh\u00e2n Vi\u00ean Thi\u1ebft K\u1ebf S\u1ea3n Ph\u1ea9m 1, TH\u00d4NG TIN TUY\u1ec2N D\u1ee4NG S\u1ed1 l\u01b0\u1ee3ng: 02 (\u01afu ti\u00ean N\u1eef) Th\u1eddi gian l\u00e0m vi\u1ec7c: 48h\/tu\u1ea7n, t\u1eeb Th\u1ee9 Hai \u0111\u1ebfn Th\u1ee9 B\u1ea3y (S\u00e1ng: 7h30 \u2013 11h30, Chi\u1ec1u: 1h30 \u2013 17h30) N\u01a1i l\u00e0m vi\u1ec7c: Showroom Maries \u2013 54A Chu V\u0103n An, Hu\u1ebf 2, V\u1ec0...","og_url":"https:\/\/madebymaries.com\/co-hoi-viec-lam\/nhan-vien-thiet-ke-san-pham\/","og_site_name":"Maries - By Viet Artisans","article_publisher":"https:\/\/www.facebook.com\/MariesCoBangXuHue\/","article_modified_time":"2025-09-07T03:21:06+00:00","og_image":[{"width":2048,"height":2048,"url":"https:\/\/madebymaries.com\/wp-content\/uploads\/2025\/09\/333194336_892227785420185_5204987176647967040_n.jpg","type":"image\/jpeg"}],"twitter_card":"summary_large_image","twitter_misc":{"Est. reading time":"3 minutes"},"schema":{"@context":"https:\/\/schema.org","@graph":[{"@type":"WebPage","@id":"https:\/\/madebymaries.com\/co-hoi-viec-lam\/nhan-vien-thiet-ke-san-pham\/","url":"https:\/\/madebymaries.com\/co-hoi-viec-lam\/nhan-vien-thiet-ke-san-pham\/","name":"Nh\u00e2n Vi\u00ean Thi\u1ebft K\u1ebf S\u1ea3n Ph\u1ea9m - Maries - By Viet Artisans","isPartOf":{"@id":"https:\/\/madebymaries.com\/#website"},"datePublished":"2025-09-07T03:06:49+00:00","dateModified":"2025-09-07T03:21:06+00:00","breadcrumb":{"@id":"https:\/\/madebymaries.com\/co-hoi-viec-lam\/nhan-vien-thiet-ke-san-pham\/#breadcrumb"},"inLanguage":"en-US","potentialAction":[{"@type":"ReadAction","target":["https:\/\/madebymaries.com\/co-hoi-viec-lam\/nhan-vien-thiet-ke-san-pham\/"]}]},{"@type":"BreadcrumbList","@id":"https:\/\/madebymaries.com\/co-hoi-viec-lam\/nhan-vien-thiet-ke-san-pham\/#breadcrumb","itemListElement":[{"@type":"ListItem","position":1,"name":"Home","item":"https:\/\/madebymaries.com\/en\/"},{"@type":"ListItem","position":2,"name":"C\u01a1 h\u1ed9i vi\u1ec7c l\u00e0m","item":"https:\/\/madebymaries.com\/co-hoi-viec-lam\/"},{"@type":"ListItem","position":3,"name":"Nh\u00e2n Vi\u00ean Thi\u1ebft K\u1ebf S\u1ea3n Ph\u1ea9m"}]},{"@type":"WebSite","@id":"https:\/\/madebymaries.com\/#website","url":"https:\/\/madebymaries.com\/","name":"Maries - By Viet Artisans","description":"","publisher":{"@id":"https:\/\/madebymaries.com\/#organization"},"potentialAction":[{"@type":"SearchAction","target":{"@type":"EntryPoint","urlTemplate":"https:\/\/madebymaries.com\/?s={search_term_string}"},"query-input":"required name=search_term_string"}],"inLanguage":"en-US"},{"@type":"Organization","@id":"https:\/\/madebymaries.com\/#organization","name":"Marie's - C\u1ecf B\u00e0ng X\u1ee9 Hu\u1ebf","url":"https:\/\/madebymaries.com\/","logo":{"@type":"ImageObject","inLanguage":"en-US","@id":"https:\/\/madebymaries.com\/#\/schema\/logo\/image\/","url":"https:\/\/madebymaries.com\/wp-content\/uploads\/2023\/02\/z4135146430072_ccc313b7bbfa840e2f3f91dc80ec74d1-removebg-preview.png","contentUrl":"https:\/\/madebymaries.com\/wp-content\/uploads\/2023\/02\/z4135146430072_ccc313b7bbfa840e2f3f91dc80ec74d1-removebg-preview.png","width":666,"height":375,"caption":"Marie's - C\u1ecf B\u00e0ng X\u1ee9 Hu\u1ebf"},"image":{"@id":"https:\/\/madebymaries.com\/#\/schema\/logo\/image\/"},"sameAs":["https:\/\/www.facebook.com\/MariesCoBangXuHue\/","https:\/\/www.pinterest.com\/made_by_maries\/_created\/","https:\/\/www.youtube.com\/channel\/UCFzuz4uO6jjiJoAqd_8y8MQ"]}]}},"acf":[],"_links":{"self":[{"href":"https:\/\/madebymaries.com\/en\/wp-json\/wp\/v2\/pages\/21173"}],"collection":[{"href":"https:\/\/madebymaries.com\/en\/wp-json\/wp\/v2\/pages"}],"about":[{"href":"https:\/\/madebymaries.com\/en\/wp-json\/wp\/v2\/types\/page"}],"author":[{"embeddable":true,"href":"https:\/\/madebymaries.com\/en\/wp-json\/wp\/v2\/users\/1"}],"replies":[{"embeddable":true,"href":"https:\/\/madebymaries.com\/en\/wp-json\/wp\/v2\/comments?post=21173"}],"version-history":[{"count":5,"href":"https:\/\/madebymaries.com\/en\/wp-json\/wp\/v2\/pages\/21173\/revisions"}],"predecessor-version":[{"id":21180,"href":"https:\/\/madebymaries.com\/en\/wp-json\/wp\/v2\/pages\/21173\/revisions\/21180"}],"up":[{"embeddable":true,"href":"https:\/\/madebymaries.com\/en\/wp-json\/wp\/v2\/pages\/21169"}],"wp:featuredmedia":[{"embeddable":true,"href":"https:\/\/madebymaries.com\/en\/wp-json\/wp\/v2\/media\/21174"}],"wp:attachment":[{"href":"https:\/\/madebymaries.com\/en\/wp-json\/wp\/v2\/media?parent=21173"}],"curies":[{"name":"wp","href":"https:\/\/api.w.org\/{rel}","templated":true}]}}