{"id":21185,"date":"2025-09-07T10:30:42","date_gmt":"2025-09-07T03:30:42","guid":{"rendered":"https:\/\/madebymaries.com\/?page_id=21185"},"modified":"2025-09-07T10:32:05","modified_gmt":"2025-09-07T03:32:05","slug":"truong-bo-phan-may","status":"publish","type":"page","link":"https:\/\/madebymaries.com\/en\/co-hoi-viec-lam\/truong-bo-phan-may\/","title":{"rendered":"Tr\u01b0\u1edfng b\u1ed9 ph\u1eadn May"},"content":{"rendered":"<h2 style=\"text-align: center;\"><span style=\"color: #d83131; font-family: arial, helvetica, sans-serif;\"><strong>TH\u00d4NG TIN TUY\u1ec2N D\u1ee4NG<\/strong><\/span><\/h2>\n<h4 style=\"text-align: center;\"><span style=\"color: #d83131; font-family: arial, helvetica, sans-serif;\"><strong>V\u1ecb tr\u00ed:<\/strong><strong>\u00a0Tr\u01b0\u1edfng b\u1ed9 ph\u1eadn May<\/strong><\/span><\/h4>\n<p><span style=\"text-decoration: underline;\"><span style=\"font-family: arial, helvetica, sans-serif;\"><strong>1, TH\u00d4NG TIN TUY\u1ec2N D\u1ee4NG<\/strong><\/span><\/span><\/p>\n<ul>\n<li><span style=\"font-family: arial, helvetica, sans-serif;\"><strong>S\u1ed1 l\u01b0\u1ee3ng:<\/strong> 01 (\u01afu ti\u00ean N\u1eef)<\/span><\/li>\n<li><span style=\"font-family: arial, helvetica, sans-serif;\"><strong>Th\u1eddi gian l\u00e0m vi\u1ec7c:<\/strong> 48h\/tu\u1ea7n, t\u1eeb Th\u1ee9 Hai \u0111\u1ebfn Th\u1ee9 B\u1ea3y (S\u00e1ng: 7h30 \u2013 11h30, Chi\u1ec1u: 1h30 \u2013 17h30)<\/span><\/li>\n<li><span style=\"font-family: arial, helvetica, sans-serif;\"><strong>N\u01a1i l\u00e0m vi\u1ec7c:<\/strong> Showroom Maries \u2013 54A Chu V\u0103n An, Hu\u1ebf<\/span><\/li>\n<\/ul>\n<p><span style=\"text-decoration: underline;\"><span style=\"font-family: arial, helvetica, sans-serif;\"><strong>2, V\u1ec0 MARIES<\/strong><\/span><\/span><\/p>\n<p><span style=\"font-family: arial, helvetica, sans-serif;\">Maries l\u00e0 doanh nghi\u1ec7p s\u1ea3n xu\u1ea5t v\u00e0 th\u01b0\u01a1ng m\u1ea1i c\u00e1c s\u1ea3n ph\u1ea9m th\u1eddi trang \u2013 qu\u00e0 t\u1eb7ng handmade t\u1eeb s\u1ee3i C\u1ecf B\u00e0ng thi\u00ean nhi\u00ean x\u1ee9 Hu\u1ebf. Ch\u00fang t\u00f4i k\u1ebft n\u1ed1i nh\u1eefng ng\u01b0\u1eddi y\u00eau ngh\u1ec1 th\u1ee7 c\u00f4ng, c\u00e1c ngh\u1ec7 nh\u00e2n, h\u1ecda s\u0129 \u0111\u1ec3 t\u1ea1o n\u00ean c\u00e1c s\u1ea3n ph\u1ea9m mang \u0111\u1eadm b\u1ea3n s\u1eafc d\u00e2n t\u1ed9c nh\u01b0: V\u00ed C\u1ecf B\u00e0ng, T\u00fai X\u00e1ch, N\u00f3n L\u00e1, M\u0169 C\u1ecf B\u00e0ng,&#8230;<\/span><\/p>\n<p><span style=\"text-decoration: underline;\"><span style=\"font-family: arial, helvetica, sans-serif;\"><strong>3, M\u00d4 T\u1ea2 C\u00d4NG VI\u1ec6C: <\/strong><\/span><\/span><\/p>\n<table style=\"height: 838px; width: 97.2631%; border-style: solid;\">\n<tbody>\n<tr style=\"height: 21px;\">\n<td style=\"width: 29.5509%; height: 21px; text-align: center;\" width=\"170\"><span style=\"font-family: arial, helvetica, sans-serif; color: #000000;\"><strong>Nhi\u1ec7m v\u1ee5 ch\u00ednh<\/strong><\/span><\/td>\n<td style=\"width: 89.4146%; height: 21px; text-align: center;\" width=\"510\"><span style=\"font-family: arial, helvetica, sans-serif; color: #000000;\"><strong>C\u00f4ng vi\u1ec7c c\u1ee5 th\u1ec3<\/strong><\/span><\/td>\n<\/tr>\n<tr style=\"height: 107px;\">\n<td style=\"width: 29.5509%; height: 107px;\" width=\"170\"><span style=\"font-family: arial, helvetica, sans-serif; color: #000000;\">Chu\u1ea9n b\u1ecb s\u1ea3n xu\u1ea5t<\/span><\/td>\n<td style=\"width: 89.4146%; height: 107px;\" width=\"510\"><span style=\"font-family: arial, helvetica, sans-serif; color: #000000;\">&#8211;\u00a0\u00a0\u00a0\u00a0\u00a0\u00a0 Ph\u00e2n b\u1ed5 c\u00f4ng vi\u1ec7c cho c\u00e1c th\u00e0nh vi\u00ean m\u1ed7i ng\u00e0y, \u0111\u1ea3m b\u1ea3o \u0111\u00fang n\u0103ng su\u1ea5t l\u00e0m vi\u1ec7c chung c\u1ee7a c\u00f4ng ty<\/span><\/p>\n<p><span style=\"font-family: arial, helvetica, sans-serif; color: #000000;\">&#8211;\u00a0\u00a0\u00a0\u00a0\u00a0\u00a0 Ch\u1ecbu tr\u00e1ch nhi\u1ec7m nh\u1eadn nguy\u00ean ph\u1ee5 li\u1ec7u theo k\u1ebf ho\u1ea1ch l\u00e0m vi\u1ec7c ng\u00e0y t\u1eeb KHO\/KCS.<\/span><\/td>\n<\/tr>\n<tr style=\"height: 259px;\">\n<td style=\"width: 29.5509%; height: 259px;\" width=\"170\"><span style=\"font-family: arial, helvetica, sans-serif; color: #000000;\">Qu\u1ea3n l\u00fd ch\u1ea5t l\u01b0\u1ee3ng s\u1ea3n ph\u1ea9m<\/span><\/td>\n<td style=\"width: 89.4146%; height: 259px;\" width=\"510\"><span style=\"font-family: arial, helvetica, sans-serif; color: #000000;\">&#8211;\u00a0\u00a0\u00a0\u00a0\u00a0\u00a0 Ch\u1ecbu tr\u00e1ch nhi\u1ec7m v\u1ec1 vi\u1ec7c n\u1eafm th\u00f4ng s\u1ed1 ti\u00eau chu\u1ea9n c\u1ee7a c\u00e1c ki\u1ec3u d\u00e1ng s\u1ea3n ph\u1ea9m.<\/span><\/p>\n<p><span style=\"font-family: arial, helvetica, sans-serif; color: #000000;\">&#8211;\u00a0\u00a0\u00a0\u00a0\u00a0\u00a0 L\u00ean quy tr\u00ecnh may c\u00e1c d\u00f2ng s\u1ea3n ph\u1ea9m c\u00f3 c\u1ea3i ti\u1ebfn v\u00e0 s\u1ea3n ph\u1ea9m m\u1edbi<\/span><\/p>\n<p><span style=\"font-family: arial, helvetica, sans-serif; color: #000000;\">&#8211;\u00a0\u00a0\u00a0\u00a0\u00a0\u00a0 K\u1ecbp th\u1eddi ph\u1ea3n h\u1ed3i l\u1ea1i b\u1ed9 ph\u1eadn KHO-KCS n\u1ebfu ph\u00e1t hi\u1ec7n nguy\u00ean li\u1ec7u kh\u00f4ng \u0111\u1ea1t ch\u1ea5t l\u01b0\u1ee3ng y\u00eau c\u1ea7u.<\/span><\/p>\n<p><span style=\"font-family: arial, helvetica, sans-serif; color: #000000;\">&#8211;\u00a0\u00a0\u00a0\u00a0\u00a0\u00a0 Th\u01b0\u1eddng xuy\u00ean gi\u00e1m s\u00e1t, ki\u1ec3m tra k\u1ef9 qu\u00e1 tr\u00ecnh l\u00e0m vi\u1ec7c c\u1ee7a c\u00e1c th\u00e0nh vi\u00ean \u0111\u1ec3 \u0111\u1ea3m b\u1ea3o s\u1ea3n ph\u1ea9m \u0111\u1ea1t ch\u1ea5t l\u01b0\u1ee3ng theo quy \u0111\u1ecbnh.<\/span><\/p>\n<p><span style=\"font-family: arial, helvetica, sans-serif; color: #000000;\">&#8211;\u00a0\u00a0\u00a0\u00a0\u00a0\u00a0 Ph\u1ed1i h\u1ee3p v\u1edbi nh\u00e2n vi\u00ean KHO-KCS k\u1ecbp th\u1eddi ph\u00e1t hi\u1ec7n nh\u1eefng l\u1ed7i x\u1ea3y ra trong qu\u00e1 tr\u00ecnh s\u1ea3n xu\u1ea5t v\u00e0 nhanh ch\u00f3ng ti\u1ebfn h\u00e0nh c\u00e1c bi\u1ec7n ph\u00e1p kh\u1eafc ph\u1ee5c.<\/span><\/td>\n<\/tr>\n<tr style=\"height: 165px;\">\n<td style=\"width: 29.5509%; height: 165px;\" width=\"170\"><span style=\"font-family: arial, helvetica, sans-serif; color: #000000;\">Qu\u1ea3n l\u00fd n\u0103ng su\u1ea5t \u2013 ti\u1ebfn \u0111\u1ed9 may<\/span><\/td>\n<td style=\"width: 89.4146%; height: 165px;\" width=\"510\"><span style=\"font-family: arial, helvetica, sans-serif; color: #000000;\">&#8211;\u00a0\u00a0\u00a0\u00a0\u00a0\u00a0 Theo d\u00f5i ti\u1ebfn \u0111\u1ed9 s\u1ea3n xu\u1ea5t h\u00e0ng ng\u00e0y c\u1ee7a nh\u00f3m, \u0111\u00f4n \u0111\u1ed1c th\u00e0nh vi\u00ean theo k\u1ecbp n\u0103ng su\u1ea5t l\u00e0m vi\u1ec7c chung c\u1ee7a c\u00f4ng ty, \u0111\u1ea3m b\u1ea3o \u0111\u1ea1t ch\u1ec9 ti\u00eau v\u1ec1 s\u1ea3n l\u01b0\u1ee3ng chung h\u00e0ng ng\u00e0y.<\/span><\/p>\n<p><span style=\"font-family: arial, helvetica, sans-serif; color: #000000;\">&#8211;\u00a0\u00a0\u00a0\u00a0\u00a0\u00a0 Khuy\u1ebfn kh\u00edch th\u00e0nh vi\u00ean l\u00e0m vi\u1ec7c v\u01b0\u1ee3t n\u0103ng su\u1ea5t quy \u0111\u1ecbnh \u0111\u1ec3 h\u01b0\u1edfng c\u00e1c ch\u1ebf \u0111\u1ed9 khen th\u01b0\u1edfng c\u1ee7a c\u00f4ng ty.<\/span><\/p>\n<p><span style=\"font-family: arial, helvetica, sans-serif; color: #000000;\">&#8211;\u00a0\u00a0\u00a0\u00a0\u00a0\u00a0 \u0110\u00e1nh gi\u00e1 n\u0103ng l\u1ef1c c\u1ee7a nh\u00e2n s\u1ef1 theo th\u00e1ng v\u00e0 qu\u00fd.<\/span><\/td>\n<\/tr>\n<tr style=\"height: 107px;\">\n<td style=\"width: 29.5509%; height: 107px;\" width=\"170\"><span style=\"font-family: arial, helvetica, sans-serif; color: #000000;\">\u0110\u00e0o t\u1ea1o th\u00e0nh vi\u00ean m\u1edbi<\/span><\/td>\n<td style=\"width: 89.4146%; height: 107px;\" width=\"510\"><span style=\"font-family: arial, helvetica, sans-serif; color: #000000;\">&#8211;\u00a0\u00a0\u00a0\u00a0\u00a0\u00a0 Tr\u1ef1c ti\u1ebfp h\u01b0\u1edbng d\u1eabn quy tr\u00ecnh l\u00e0m vi\u1ec7c cho th\u00e0nh vi\u00ean m\u1edbi, \u0111\u1ea3m b\u1ea3o hi\u1ec3u r\u00f5 \u0111\u01b0\u1ee3c c\u00f4ng vi\u1ec7c c\u1ea7n l\u00e0m v\u00e0 thao t\u00e1c t\u1ed1t.<\/span><\/p>\n<p><span style=\"font-family: arial, helvetica, sans-serif; color: #000000;\">&#8211;\u00a0\u00a0\u00a0\u00a0\u00a0\u00a0 Th\u1ef1c hi\u1ec7n vi\u1ec7c \u0111\u00e1nh gi\u00e1 tay ngh\u1ec1 sau m\u1ed7i kh\u00f3a \u0111\u00e0o t\u1ea1o.<\/span><\/td>\n<\/tr>\n<tr style=\"height: 179px;\">\n<td style=\"width: 29.5509%; height: 179px;\" width=\"170\"><span style=\"font-family: arial, helvetica, sans-serif; color: #000000;\">C\u00e1c c\u00f4ng vi\u1ec7c kh\u00e1c<\/span><\/td>\n<td style=\"width: 89.4146%; height: 179px;\" width=\"510\"><span style=\"font-family: arial, helvetica, sans-serif; color: #000000;\">&#8211;\u00a0\u00a0\u00a0\u00a0\u00a0\u00a0 Qu\u1ea3n l\u00fd v\u1ea5n \u0111\u1ec1 k\u1ef7 lu\u1eadt, chuy\u00ean c\u1ea7n, n\u0103ng su\u1ea5t c\u1ee7a th\u00e0nh vi\u00ean trong nh\u00f3m.<\/span><\/p>\n<p><span style=\"font-family: arial, helvetica, sans-serif; color: #000000;\">&#8211;\u00a0\u00a0\u00a0\u00a0\u00a0\u00a0 Ch\u1ee7 \u0111\u1ed9ng \u0111\u1ec1 xu\u1ea5t nh\u1eefng gi\u1ea3i ph\u00e1p c\u1ea3i ti\u1ebfn quy tr\u00ecnh l\u00e0m vi\u1ec7c hi\u1ec7u qu\u1ea3 h\u01a1n cho s\u1ea3n xu\u1ea5t.<\/span><\/p>\n<p><span style=\"font-family: arial, helvetica, sans-serif; color: #000000;\">&#8211;\u00a0\u00a0\u00a0\u00a0\u00a0\u00a0 Tham gia \u0111\u1ea7y \u0111\u1ee7 c\u00e1c cu\u1ed9c h\u1ecdp li\u00ean quan v\u00e0 l\u00e0m c\u00e1c b\u00e1o c\u00e1o c\u00f4ng vi\u1ec7c theo quy \u0111\u1ecbnh.<\/span><\/p>\n<p><span style=\"font-family: arial, helvetica, sans-serif; color: #000000;\">&#8211;\u00a0\u00a0\u00a0\u00a0\u00a0\u00a0 Th\u1ef1c hi\u1ec7n c\u00e1c c\u00f4ng vi\u1ec7c kh\u00e1c khi \u0111\u01b0\u1ee3c c\u1ea5p tr\u00ean ph\u00e2n c\u00f4ng.<\/span><\/td>\n<\/tr>\n<\/tbody>\n<\/table>\n<p><span style=\"text-decoration: underline;\"><span style=\"font-family: arial, helvetica, sans-serif;\"><strong>4, Y\u00caU C\u1ea6U N\u0102NG L\u1ef0C, PH\u1ea8M CH\u1ea4T:<\/strong><\/span><\/span><\/p>\n<ul>\n<li><span style=\"font-family: arial, helvetica, sans-serif;\">C\u00f3 kinh nghi\u1ec7m t\u1eeb 2 n\u0103m tr\u1edf l\u00ean trong ng\u00e0nh may m\u1eb7c v\u00e0 n\u1eafm gi\u1eef v\u1ecb tr\u00ed Tr\u01b0\u1edfng B\u1ed9 Ph\u1eadn ho\u1eb7c t\u01b0\u01a1ng \u0111\u01b0\u01a1ng<\/span><\/li>\n<li><span style=\"font-family: arial, helvetica, sans-serif;\">\u0110\u00e3 l\u00e0m c\u00e1c m\u1eb7t h\u00e0ng th\u1eddi trang N\u1eef, T\u00fai X\u00e1ch N\u1eef\u2026 \u01b0u ti\u00ean \u1ee9ng vi\u00ean c\u00f3 kinh nghi\u1ec7m l\u00e0m h\u00e0ng th\u1eddi trang th\u1ee7 c\u00f4ng cao c\u1ea5p ho\u1eb7c h\u00e0ng thi\u1ebft k\u1ebf.<\/span><\/li>\n<li><span style=\"font-family: arial, helvetica, sans-serif;\">Th\u00e0nh th\u1ea1o c\u00e1c m\u00e1y may v\u00e0 c\u00e1c m\u00e1y li\u00ean quan nh\u01b0 m\u00e1y c\u1eaft da, \u0111\u00f3ng n\u00fat, m\u00e1y v\u1eaft s\u1ed5,&#8230;<\/span><\/li>\n<li><span style=\"font-family: arial, helvetica, sans-serif;\">Am hi\u1ec3u t\u1ea5t c\u1ea3 c\u00e1c c\u00f4ng vi\u1ec7c c\u1ee7a kh\u1ed1i S\u1ea3n xu\u1ea5t may m\u1eb7c l\u00e0 m\u1ed9t l\u1ee3i th\u1ebf.<\/span><\/li>\n<li><span style=\"font-family: arial, helvetica, sans-serif;\">Nhi\u1ec7t huy\u1ebft, trung th\u1ef1c, c\u1ea7u ti\u1ebfn, s\u00e1ng t\u1ea1o, h\u00f2a \u0111\u1ed3ng<\/span><\/li>\n<li><span style=\"font-family: arial, helvetica, sans-serif;\">K\u1ef9 n\u0103ng s\u1eafp x\u1ebfp v\u00e0 ph\u00e2n chia c\u00f4ng vi\u1ec7c t\u1ed1t<\/span><\/li>\n<li><span style=\"font-family: arial, helvetica, sans-serif;\">C\u00f3 tinh th\u1ea7n tr\u00e1ch nhi\u1ec7m, gi\u1ea3i quy\u1ebft s\u1ef1 vi\u1ec7c nhanh nh\u1eb9n, linh ho\u1ea1t, d\u1ee9t kho\u00e1t.<\/span><\/li>\n<\/ul>\n<p><span style=\"text-decoration: underline;\"><span style=\"font-family: arial, helvetica, sans-serif;\"><strong>5, QUY\u1ec0N L\u1ee2I<\/strong>:<\/span><\/span><\/p>\n<ul>\n<li><span style=\"font-family: arial, helvetica, sans-serif;\">Thu nh\u1eadp: Th\u1ecfa thu\u1eadn theo n\u0103ng l\u1ef1c khi ph\u1ecfng v\u1ea5n.<\/span><\/li>\n<li><span style=\"font-family: arial, helvetica, sans-serif;\">Th\u01b0\u1edfng: X\u00e9t t\u0103ng l\u01b0\u01a1ng theo qu\u00fd, th\u01b0\u1edfng l\u1ec5\/t\u1ebft, sinh nh\u1eadt, \u01b0u \u0111\u00e3i mua h\u00e0ng n\u1ed9i b\u1ed9.<\/span><\/li>\n<li><span style=\"font-family: arial, helvetica, sans-serif;\">M\u00f4i tr\u01b0\u1eddng: s\u00e1ng t\u1ea1o, gi\u00e0u c\u1ea3m h\u1ee9ng v\u0103n h\u00f3a.<\/span><\/li>\n<li><span style=\"font-family: arial, helvetica, sans-serif;\">C\u01a1 h\u1ed9i: \u0110\u01b0\u1ee3c tham gia kh\u00f3a h\u1ecdc ph\u00e1t tri\u1ec3n chuy\u00ean m\u00f4n.<\/span><\/li>\n<\/ul>\n<h3><span style=\"font-family: arial, helvetica, sans-serif;\">\ud83d\udcec <strong>C\u00c1CH \u1ee8NG TUY\u1ec2N<\/strong><\/span><\/h3>\n<p><span style=\"font-family: arial, helvetica, sans-serif;\">\ud83d\udce7 \u00a0G\u1eedi CV &amp; th\u01b0 \u1ee9ng tuy\u1ec3n v\u1ec1: <strong>madebymaries@gmail.com<\/strong><\/span><br \/>\n<span style=\"font-family: arial, helvetica, sans-serif;\">\ud83d\udcde \u00a0Li\u00ean h\u1ec7 S\u0110T\/ZALO: <strong>0901 981 502 (Ms. Minh Th\u01b0) \u2013 0935 115 215 (Hotline)<\/strong><\/span><br \/>\n<span style=\"font-family: arial, helvetica, sans-serif;\">\ud83c\udf10 Website: <a href=\"https:\/\/madebymaries.com\">madebymaries.com<\/a><\/span><br \/>\n<span style=\"font-family: arial, helvetica, sans-serif;\">\ud83d\udcd8 Fanpage: <a href=\"https:\/\/www.facebook.com\/MariesCoBangXuHue\">facebook.com\/MariesCoBangXuHue<\/a><\/span><\/p>\n<p><span style=\"font-family: arial, helvetica, sans-serif;\">N\u1ebfu b\u1ea1n th\u1ea5y m\u00ecnh l\u00e0 \u201cm\u1ea3nh gh\u00e9p\u201d ph\u00f9 h\u1ee3p, \u0111\u1eebng ng\u1ea7n ng\u1ea1i \u1ee9ng tuy\u1ec3n. C\u00f9ng Maries lan t\u1ecfa v\u1ebb \u0111\u1eb9p Hu\u1ebf \u0111\u1ebfn g\u1ea7n h\u01a1n v\u1edbi c\u1ed9ng \u0111\u1ed3ng y\u00eau v\u0103n h\u00f3a Vi\u1ec7t!<\/span><\/p>\n<p style=\"text-align: right;\"><span style=\"font-family: arial, helvetica, sans-serif;\"><strong><em>Tr\u00e2n tr\u1ecdng,<\/em><\/strong><\/span><\/p>\n<p style=\"text-align: right;\"><span style=\"font-family: arial, helvetica, sans-serif;\"><strong>C\u00d4NG TY TNHH MARIES<\/strong><\/span><\/p>\n<p>&nbsp;<\/p>\n","protected":false},"excerpt":{"rendered":"<p>TH\u00d4NG TIN TUY\u1ec2N D\u1ee4NG V\u1ecb tr\u00ed:\u00a0Tr\u01b0\u1edfng b\u1ed9 ph\u1eadn May 1, TH\u00d4NG TIN TUY\u1ec2N D\u1ee4NG S\u1ed1 l\u01b0\u1ee3ng: 01 (\u01afu ti\u00ean N\u1eef) Th\u1eddi gian l\u00e0m vi\u1ec7c: 48h\/tu\u1ea7n, t\u1eeb Th\u1ee9 Hai \u0111\u1ebfn Th\u1ee9 B\u1ea3y (S\u00e1ng: 7h30 \u2013 11h30, Chi\u1ec1u: 1h30 \u2013 17h30) N\u01a1i l\u00e0m vi\u1ec7c: Showroom Maries \u2013 54A Chu V\u0103n An, Hu\u1ebf 2, V\u1ec0 MARIES Maries l\u00e0&#8230;<\/p>\n","protected":false},"author":1,"featured_media":21174,"parent":21169,"menu_order":0,"comment_status":"closed","ping_status":"closed","template":"","meta":{"inline_featured_image":false,"footnotes":""},"yoast_head":"<!-- This site is optimized with the Yoast SEO plugin v20.13 - https:\/\/yoast.com\/wordpress\/plugins\/seo\/ -->\n<title>Tr\u01b0\u1edfng b\u1ed9 ph\u1eadn May - Maries - By Viet Artisans<\/title>\n<meta name=\"robots\" content=\"index, follow, max-snippet:-1, max-image-preview:large, max-video-preview:-1\" \/>\n<link rel=\"canonical\" href=\"https:\/\/madebymaries.com\/co-hoi-viec-lam\/truong-bo-phan-may\/\" \/>\n<meta property=\"og:locale\" content=\"en_US\" \/>\n<meta property=\"og:type\" content=\"article\" \/>\n<meta property=\"og:title\" content=\"Tr\u01b0\u1edfng b\u1ed9 ph\u1eadn May - Maries - By Viet Artisans\" \/>\n<meta property=\"og:description\" content=\"TH\u00d4NG TIN TUY\u1ec2N D\u1ee4NG V\u1ecb tr\u00ed:\u00a0Tr\u01b0\u1edfng b\u1ed9 ph\u1eadn May 1, TH\u00d4NG TIN TUY\u1ec2N D\u1ee4NG S\u1ed1 l\u01b0\u1ee3ng: 01 (\u01afu ti\u00ean N\u1eef) Th\u1eddi gian l\u00e0m vi\u1ec7c: 48h\/tu\u1ea7n, t\u1eeb Th\u1ee9 Hai \u0111\u1ebfn Th\u1ee9 B\u1ea3y (S\u00e1ng: 7h30 \u2013 11h30, Chi\u1ec1u: 1h30 \u2013 17h30) N\u01a1i l\u00e0m vi\u1ec7c: Showroom Maries \u2013 54A Chu V\u0103n An, Hu\u1ebf 2, V\u1ec0 MARIES Maries l\u00e0...\" \/>\n<meta property=\"og:url\" content=\"https:\/\/madebymaries.com\/co-hoi-viec-lam\/truong-bo-phan-may\/\" \/>\n<meta property=\"og:site_name\" content=\"Maries - By Viet Artisans\" \/>\n<meta property=\"article:publisher\" content=\"https:\/\/www.facebook.com\/MariesCoBangXuHue\/\" \/>\n<meta property=\"article:modified_time\" content=\"2025-09-07T03:32:05+00:00\" \/>\n<meta property=\"og:image\" content=\"https:\/\/madebymaries.com\/wp-content\/uploads\/2025\/09\/333194336_892227785420185_5204987176647967040_n.jpg\" \/>\n\t<meta property=\"og:image:width\" content=\"2048\" \/>\n\t<meta property=\"og:image:height\" content=\"2048\" \/>\n\t<meta property=\"og:image:type\" content=\"image\/jpeg\" \/>\n<meta name=\"twitter:card\" content=\"summary_large_image\" \/>\n<meta name=\"twitter:label1\" content=\"Est. reading time\" \/>\n\t<meta name=\"twitter:data1\" content=\"6 minutes\" \/>\n<script type=\"application\/ld+json\" class=\"yoast-schema-graph\">{\"@context\":\"https:\/\/schema.org\",\"@graph\":[{\"@type\":\"WebPage\",\"@id\":\"https:\/\/madebymaries.com\/co-hoi-viec-lam\/truong-bo-phan-may\/\",\"url\":\"https:\/\/madebymaries.com\/co-hoi-viec-lam\/truong-bo-phan-may\/\",\"name\":\"Tr\u01b0\u1edfng b\u1ed9 ph\u1eadn May - Maries - By Viet Artisans\",\"isPartOf\":{\"@id\":\"https:\/\/madebymaries.com\/#website\"},\"datePublished\":\"2025-09-07T03:30:42+00:00\",\"dateModified\":\"2025-09-07T03:32:05+00:00\",\"breadcrumb\":{\"@id\":\"https:\/\/madebymaries.com\/co-hoi-viec-lam\/truong-bo-phan-may\/#breadcrumb\"},\"inLanguage\":\"en-US\",\"potentialAction\":[{\"@type\":\"ReadAction\",\"target\":[\"https:\/\/madebymaries.com\/co-hoi-viec-lam\/truong-bo-phan-may\/\"]}]},{\"@type\":\"BreadcrumbList\",\"@id\":\"https:\/\/madebymaries.com\/co-hoi-viec-lam\/truong-bo-phan-may\/#breadcrumb\",\"itemListElement\":[{\"@type\":\"ListItem\",\"position\":1,\"name\":\"Home\",\"item\":\"https:\/\/madebymaries.com\/en\/\"},{\"@type\":\"ListItem\",\"position\":2,\"name\":\"C\u01a1 h\u1ed9i vi\u1ec7c l\u00e0m\",\"item\":\"https:\/\/madebymaries.com\/co-hoi-viec-lam\/\"},{\"@type\":\"ListItem\",\"position\":3,\"name\":\"Tr\u01b0\u1edfng b\u1ed9 ph\u1eadn May\"}]},{\"@type\":\"WebSite\",\"@id\":\"https:\/\/madebymaries.com\/#website\",\"url\":\"https:\/\/madebymaries.com\/\",\"name\":\"Maries - By Viet Artisans\",\"description\":\"\",\"publisher\":{\"@id\":\"https:\/\/madebymaries.com\/#organization\"},\"potentialAction\":[{\"@type\":\"SearchAction\",\"target\":{\"@type\":\"EntryPoint\",\"urlTemplate\":\"https:\/\/madebymaries.com\/?s={search_term_string}\"},\"query-input\":\"required name=search_term_string\"}],\"inLanguage\":\"en-US\"},{\"@type\":\"Organization\",\"@id\":\"https:\/\/madebymaries.com\/#organization\",\"name\":\"Marie's - C\u1ecf B\u00e0ng X\u1ee9 Hu\u1ebf\",\"url\":\"https:\/\/madebymaries.com\/\",\"logo\":{\"@type\":\"ImageObject\",\"inLanguage\":\"en-US\",\"@id\":\"https:\/\/madebymaries.com\/#\/schema\/logo\/image\/\",\"url\":\"https:\/\/madebymaries.com\/wp-content\/uploads\/2023\/02\/z4135146430072_ccc313b7bbfa840e2f3f91dc80ec74d1-removebg-preview.png\",\"contentUrl\":\"https:\/\/madebymaries.com\/wp-content\/uploads\/2023\/02\/z4135146430072_ccc313b7bbfa840e2f3f91dc80ec74d1-removebg-preview.png\",\"width\":666,\"height\":375,\"caption\":\"Marie's - C\u1ecf B\u00e0ng X\u1ee9 Hu\u1ebf\"},\"image\":{\"@id\":\"https:\/\/madebymaries.com\/#\/schema\/logo\/image\/\"},\"sameAs\":[\"https:\/\/www.facebook.com\/MariesCoBangXuHue\/\",\"https:\/\/www.pinterest.com\/made_by_maries\/_created\/\",\"https:\/\/www.youtube.com\/channel\/UCFzuz4uO6jjiJoAqd_8y8MQ\"]}]}<\/script>\n<!-- \/ Yoast SEO plugin. -->","yoast_head_json":{"title":"Tr\u01b0\u1edfng b\u1ed9 ph\u1eadn May - Maries - By Viet Artisans","robots":{"index":"index","follow":"follow","max-snippet":"max-snippet:-1","max-image-preview":"max-image-preview:large","max-video-preview":"max-video-preview:-1"},"canonical":"https:\/\/madebymaries.com\/co-hoi-viec-lam\/truong-bo-phan-may\/","og_locale":"en_US","og_type":"article","og_title":"Tr\u01b0\u1edfng b\u1ed9 ph\u1eadn May - Maries - By Viet Artisans","og_description":"TH\u00d4NG TIN TUY\u1ec2N D\u1ee4NG V\u1ecb tr\u00ed:\u00a0Tr\u01b0\u1edfng b\u1ed9 ph\u1eadn May 1, TH\u00d4NG TIN TUY\u1ec2N D\u1ee4NG S\u1ed1 l\u01b0\u1ee3ng: 01 (\u01afu ti\u00ean N\u1eef) Th\u1eddi gian l\u00e0m vi\u1ec7c: 48h\/tu\u1ea7n, t\u1eeb Th\u1ee9 Hai \u0111\u1ebfn Th\u1ee9 B\u1ea3y (S\u00e1ng: 7h30 \u2013 11h30, Chi\u1ec1u: 1h30 \u2013 17h30) N\u01a1i l\u00e0m vi\u1ec7c: Showroom Maries \u2013 54A Chu V\u0103n An, Hu\u1ebf 2, V\u1ec0 MARIES Maries l\u00e0...","og_url":"https:\/\/madebymaries.com\/co-hoi-viec-lam\/truong-bo-phan-may\/","og_site_name":"Maries - By Viet Artisans","article_publisher":"https:\/\/www.facebook.com\/MariesCoBangXuHue\/","article_modified_time":"2025-09-07T03:32:05+00:00","og_image":[{"width":2048,"height":2048,"url":"https:\/\/madebymaries.com\/wp-content\/uploads\/2025\/09\/333194336_892227785420185_5204987176647967040_n.jpg","type":"image\/jpeg"}],"twitter_card":"summary_large_image","twitter_misc":{"Est. reading time":"6 minutes"},"schema":{"@context":"https:\/\/schema.org","@graph":[{"@type":"WebPage","@id":"https:\/\/madebymaries.com\/co-hoi-viec-lam\/truong-bo-phan-may\/","url":"https:\/\/madebymaries.com\/co-hoi-viec-lam\/truong-bo-phan-may\/","name":"Tr\u01b0\u1edfng b\u1ed9 ph\u1eadn May - Maries - By Viet Artisans","isPartOf":{"@id":"https:\/\/madebymaries.com\/#website"},"datePublished":"2025-09-07T03:30:42+00:00","dateModified":"2025-09-07T03:32:05+00:00","breadcrumb":{"@id":"https:\/\/madebymaries.com\/co-hoi-viec-lam\/truong-bo-phan-may\/#breadcrumb"},"inLanguage":"en-US","potentialAction":[{"@type":"ReadAction","target":["https:\/\/madebymaries.com\/co-hoi-viec-lam\/truong-bo-phan-may\/"]}]},{"@type":"BreadcrumbList","@id":"https:\/\/madebymaries.com\/co-hoi-viec-lam\/truong-bo-phan-may\/#breadcrumb","itemListElement":[{"@type":"ListItem","position":1,"name":"Home","item":"https:\/\/madebymaries.com\/en\/"},{"@type":"ListItem","position":2,"name":"C\u01a1 h\u1ed9i vi\u1ec7c l\u00e0m","item":"https:\/\/madebymaries.com\/co-hoi-viec-lam\/"},{"@type":"ListItem","position":3,"name":"Tr\u01b0\u1edfng b\u1ed9 ph\u1eadn May"}]},{"@type":"WebSite","@id":"https:\/\/madebymaries.com\/#website","url":"https:\/\/madebymaries.com\/","name":"Maries - By Viet Artisans","description":"","publisher":{"@id":"https:\/\/madebymaries.com\/#organization"},"potentialAction":[{"@type":"SearchAction","target":{"@type":"EntryPoint","urlTemplate":"https:\/\/madebymaries.com\/?s={search_term_string}"},"query-input":"required name=search_term_string"}],"inLanguage":"en-US"},{"@type":"Organization","@id":"https:\/\/madebymaries.com\/#organization","name":"Marie's - C\u1ecf B\u00e0ng X\u1ee9 Hu\u1ebf","url":"https:\/\/madebymaries.com\/","logo":{"@type":"ImageObject","inLanguage":"en-US","@id":"https:\/\/madebymaries.com\/#\/schema\/logo\/image\/","url":"https:\/\/madebymaries.com\/wp-content\/uploads\/2023\/02\/z4135146430072_ccc313b7bbfa840e2f3f91dc80ec74d1-removebg-preview.png","contentUrl":"https:\/\/madebymaries.com\/wp-content\/uploads\/2023\/02\/z4135146430072_ccc313b7bbfa840e2f3f91dc80ec74d1-removebg-preview.png","width":666,"height":375,"caption":"Marie's - C\u1ecf B\u00e0ng X\u1ee9 Hu\u1ebf"},"image":{"@id":"https:\/\/madebymaries.com\/#\/schema\/logo\/image\/"},"sameAs":["https:\/\/www.facebook.com\/MariesCoBangXuHue\/","https:\/\/www.pinterest.com\/made_by_maries\/_created\/","https:\/\/www.youtube.com\/channel\/UCFzuz4uO6jjiJoAqd_8y8MQ"]}]}},"acf":[],"_links":{"self":[{"href":"https:\/\/madebymaries.com\/en\/wp-json\/wp\/v2\/pages\/21185"}],"collection":[{"href":"https:\/\/madebymaries.com\/en\/wp-json\/wp\/v2\/pages"}],"about":[{"href":"https:\/\/madebymaries.com\/en\/wp-json\/wp\/v2\/types\/page"}],"author":[{"embeddable":true,"href":"https:\/\/madebymaries.com\/en\/wp-json\/wp\/v2\/users\/1"}],"replies":[{"embeddable":true,"href":"https:\/\/madebymaries.com\/en\/wp-json\/wp\/v2\/comments?post=21185"}],"version-history":[{"count":3,"href":"https:\/\/madebymaries.com\/en\/wp-json\/wp\/v2\/pages\/21185\/revisions"}],"predecessor-version":[{"id":21188,"href":"https:\/\/madebymaries.com\/en\/wp-json\/wp\/v2\/pages\/21185\/revisions\/21188"}],"up":[{"embeddable":true,"href":"https:\/\/madebymaries.com\/en\/wp-json\/wp\/v2\/pages\/21169"}],"wp:featuredmedia":[{"embeddable":true,"href":"https:\/\/madebymaries.com\/en\/wp-json\/wp\/v2\/media\/21174"}],"wp:attachment":[{"href":"https:\/\/madebymaries.com\/en\/wp-json\/wp\/v2\/media?parent=21185"}],"curies":[{"name":"wp","href":"https:\/\/api.w.org\/{rel}","templated":true}]}}