{"id":21189,"date":"2025-09-07T10:38:33","date_gmt":"2025-09-07T03:38:33","guid":{"rendered":"https:\/\/madebymaries.com\/?page_id=21189"},"modified":"2025-09-07T10:38:33","modified_gmt":"2025-09-07T03:38:33","slug":"nhan-vien-sales","status":"publish","type":"page","link":"https:\/\/madebymaries.com\/en\/co-hoi-viec-lam\/nhan-vien-sales\/","title":{"rendered":"Nh\u00e2n vi\u00ean sales"},"content":{"rendered":"<h2 style=\"text-align: center;\"><span style=\"color: #d83131; font-family: arial, helvetica, sans-serif;\"><strong>TH\u00d4NG TIN TUY\u1ec2N D\u1ee4NG<\/strong><\/span><\/h2>\n<h4 style=\"text-align: center;\"><span style=\"color: #d83131; font-family: arial, helvetica, sans-serif;\"><strong>V\u1ecb tr\u00ed: <\/strong><\/span><span style=\"color: #d83131;\"><strong>Nh\u00e2n vi\u00ean sales<\/strong><\/span><\/h4>\n<p><span style=\"text-decoration: underline;\"><strong>1, TH\u00d4NG TIN TUY\u1ec2N D\u1ee4NG<\/strong><\/span><\/p>\n<ul>\n<li><strong>S\u1ed1 l\u01b0\u1ee3ng:<\/strong> 02 (N\u1eef)<\/li>\n<li><strong>Th\u1eddi gian l\u00e0m vi\u1ec7c:<\/strong> 8h\/ng\u00e0y, xoay ca<\/li>\n<\/ul>\n<p style=\"padding-left: 40px;\"><strong>+ Ca s\u00e1ng:<\/strong> 7h00 \u2013 15h00<\/p>\n<p style=\"padding-left: 40px;\"><strong>+ Ca chi\u1ec1u:<\/strong> 14h00 \u2013 22h00<\/p>\n<ul>\n<li><strong>N\u01a1i l\u00e0m vi\u1ec7c:<\/strong> Showroom Maries \u2013 54A Chu V\u0103n An, Hu\u1ebf<\/li>\n<\/ul>\n<p><span style=\"text-decoration: underline;\"><strong>2, V\u1ec0 MARIES<\/strong><\/span><\/p>\n<p>Maries l\u00e0 doanh nghi\u1ec7p s\u1ea3n xu\u1ea5t v\u00e0 th\u01b0\u01a1ng m\u1ea1i c\u00e1c s\u1ea3n ph\u1ea9m th\u1eddi trang \u2013 qu\u00e0 t\u1eb7ng handmade t\u1eeb s\u1ee3i C\u1ecf B\u00e0ng thi\u00ean nhi\u00ean x\u1ee9 Hu\u1ebf. Ch\u00fang t\u00f4i k\u1ebft n\u1ed1i nh\u1eefng ng\u01b0\u1eddi y\u00eau ngh\u1ec1 th\u1ee7 c\u00f4ng, c\u00e1c ngh\u1ec7 nh\u00e2n, h\u1ecda s\u0129 \u0111\u1ec3 t\u1ea1o n\u00ean c\u00e1c s\u1ea3n ph\u1ea9m mang \u0111\u1eadm b\u1ea3n s\u1eafc d\u00e2n t\u1ed9c nh\u01b0: V\u00ed C\u1ecf B\u00e0ng, T\u00fai X\u00e1ch, N\u00f3n L\u00e1, M\u0169 C\u1ecf B\u00e0ng,&#8230;<\/p>\n<p><span style=\"text-decoration: underline;\"><strong>3, M\u00d4 T\u1ea2 C\u00d4NG VI\u1ec6C: <\/strong><\/span><\/p>\n<ul>\n<li>\n<div id=\"tgrd_370jp\" data-component=\"rtf-block\"><span id=\"tgrd_370jp_a473o\" class=\"\" data-text=\"true\" data-z-element-type=\"rtf-text\" data-is-whitespace=\"false\">C\u00f3 kinh nghi\u1ec7m b\u00e1n h\u00e0ng t\u1eeb 02 n\u0103m.<\/span><\/div>\n<\/li>\n<li>\n<div id=\"tgrd_370jp\" data-component=\"rtf-block\"><span id=\"tgrd_370jp_a473o\" class=\"\" data-text=\"true\" data-z-element-type=\"rtf-text\" data-is-whitespace=\"false\"><\/span><span id=\"tgrd_18emk_5gnvf\" class=\"\" data-text=\"true\" data-z-element-type=\"rtf-text\" data-is-whitespace=\"false\">\u0110\u1ed9 tu\u1ed5i: d\u01b0\u1edbi 30 tu\u1ed5i.<\/span><\/div>\n<\/li>\n<li>T\u01b0 v\u1ea5n v\u00e0 ch\u0103m s\u00f3c kh\u00e1ch h\u00e0ng t\u1ea1i showroom v\u00e0 tr\u00ean c\u00e1c n\u1ec1n t\u1ea3ng b\u00e1n h\u00e0ng online (Facebook, Shopee\u2026).<\/li>\n<li id=\"tgrd_er8l7\" data-component=\"rtf-block\"><span id=\"tgrd_er8l7_4ti25\" class=\"\" data-text=\"true\" data-z-element-type=\"rtf-text\" data-is-whitespace=\"false\">Giao ti\u1ebfp th\u00e0nh th\u1ea1o Ti\u1ebfng Anh ho\u1eb7c ng\u00f4n ng\u1eef th\u1ee9 2.<\/span><\/li>\n<li id=\"tgrd_b9l9j\" data-component=\"rtf-block\"><span id=\"tgrd_b9l9j_df5di\" class=\"\" data-text=\"true\" data-z-element-type=\"rtf-text\" data-is-whitespace=\"false\">T\u01b0 v\u1ea5n s\u1ea3n ph\u1ea9m, ch\u0103m s\u00f3c kh\u00e1ch h\u00e0ng online &amp; offline.<\/span><\/li>\n<li id=\"tgrd_9hj3i\" data-component=\"rtf-block\"><span id=\"tgrd_9hj3i_58evi\" class=\"\" data-text=\"true\" data-z-element-type=\"rtf-text\" data-is-whitespace=\"false\">Ch\u1ed1t \u0111\u01a1n, theo d\u00f5i \u0111\u01a1n h\u00e0ng v\u00e0 ph\u1ea3n h\u1ed3i kh\u00e1ch sau mua.<\/span><\/li>\n<\/ul>\n<p><span style=\"text-decoration: underline;\"><strong>4, Y\u00caU C\u1ea6U N\u0102NG L\u1ef0C, PH\u1ea8M CH\u1ea4T:<\/strong><\/span><\/p>\n<ul>\n<li>Nhi\u1ec7t t\u00ecnh, trung th\u1ef1c, c\u00f3 tinh th\u1ea7n h\u1ecdc h\u1ecfi v\u00e0 s\u00e1ng t\u1ea1o.<\/li>\n<li>K\u1ef9 n\u0103ng giao ti\u1ebfp, x\u1eed l\u00fd t\u00ecnh hu\u1ed1ng linh ho\u1ea1t.<\/li>\n<li>Ki\u00ean nh\u1eabn, t\u1ec9 m\u1ec9 v\u00e0 y\u00eau th\u00edch c\u00f4ng vi\u1ec7c b\u00e1n h\u00e0ng, ch\u0103m s\u00f3c kh\u00e1ch h\u00e0ng.<\/li>\n<li>C\u00f3 kinh nghi\u1ec7m b\u00e1n h\u00e0ng online ho\u1eb7c livestream l\u00e0 l\u1ee3i th\u1ebf.<\/li>\n<\/ul>\n<p><span style=\"text-decoration: underline;\"><strong>5, QUY\u1ec0N L\u1ee2I<\/strong>:<\/span><\/p>\n<ul>\n<li>Thu nh\u1eadp: Tho\u1ea3 thu\u1eadn theo n\u0103ng l\u1ef1c (trao \u0111\u1ed5i chi ti\u1ebft khi ph\u1ecfng v\u1ea5n).<\/li>\n<li>Th\u01b0\u1edfng: X\u00e9t t\u0103ng l\u01b0\u01a1ng theo qu\u00fd, th\u01b0\u1edfng l\u1ec5\/t\u1ebft, sinh nh\u1eadt.<\/li>\n<li>Mua h\u00e0ng \u01b0u \u0111\u00e3i d\u00e0nh ri\u00eang cho nh\u00e2n vi\u00ean.<\/li>\n<li>\u0110\u01b0\u1ee3c \u0111\u00e0o t\u1ea1o chuy\u00ean m\u00f4n (livestream, ch\u0103m s\u00f3c kh\u00e1ch h\u00e0ng, s\u1ea3n ph\u1ea9m&#8230;).<\/li>\n<li>M\u00f4i tr\u01b0\u1eddng l\u00e0m vi\u1ec7c s\u00e1ng t\u1ea1o, truy\u1ec1n c\u1ea3m h\u1ee9ng v\u00e0 gi\u00e0u y\u1ebfu t\u1ed1 v\u0103n ho\u00e1 b\u1ea3n \u0111\u1ecba.<\/li>\n<li>C\u01a1 h\u1ed9i ph\u00e1t tri\u1ec3n ngh\u1ec1 nghi\u1ec7p l\u00e2u d\u00e0i t\u1ea1i Maries.<\/li>\n<\/ul>\n<h3>\ud83d\udcec <strong>C\u00c1CH \u1ee8NG TUY\u1ec2N<\/strong><\/h3>\n<p>\ud83d\udce7 \u00a0G\u1eedi CV &amp; th\u01b0 \u1ee9ng tuy\u1ec3n v\u1ec1: <strong>madebymaries@gmail.com<\/strong><br \/>\n\ud83d\udcde \u00a0Li\u00ean h\u1ec7 S\u0110T\/ZALO: <strong>0901 981 502 (Ms. Minh Th\u01b0) \u2013 0935 115 215 (Hotline)<\/strong><br \/>\n\ud83c\udf10 Website: <a href=\"https:\/\/madebymaries.com\">madebymaries.com<\/a><br \/>\n\ud83d\udcd8 Fanpage: <a href=\"https:\/\/www.facebook.com\/MariesCoBangXuHue\">facebook.com\/MariesCoBangXuHue<\/a><\/p>\n<p>N\u1ebfu b\u1ea1n th\u1ea5y m\u00ecnh l\u00e0 \u201cm\u1ea3nh gh\u00e9p\u201d ph\u00f9 h\u1ee3p, \u0111\u1eebng ng\u1ea7n ng\u1ea1i \u1ee9ng tuy\u1ec3n. C\u00f9ng Maries lan t\u1ecfa v\u1ebb \u0111\u1eb9p Hu\u1ebf \u0111\u1ebfn g\u1ea7n h\u01a1n v\u1edbi c\u1ed9ng \u0111\u1ed3ng y\u00eau v\u0103n h\u00f3a Vi\u1ec7t!<\/p>\n<p style=\"text-align: right;\"><strong><em>\u00a0\u00a0\u00a0\u00a0\u00a0\u00a0\u00a0\u00a0\u00a0\u00a0\u00a0\u00a0\u00a0\u00a0\u00a0\u00a0\u00a0\u00a0\u00a0\u00a0\u00a0\u00a0\u00a0\u00a0\u00a0\u00a0\u00a0\u00a0\u00a0\u00a0\u00a0\u00a0\u00a0\u00a0\u00a0\u00a0\u00a0\u00a0\u00a0\u00a0\u00a0\u00a0\u00a0\u00a0\u00a0\u00a0\u00a0\u00a0\u00a0\u00a0\u00a0\u00a0\u00a0\u00a0\u00a0\u00a0\u00a0\u00a0\u00a0\u00a0\u00a0\u00a0\u00a0\u00a0\u00a0\u00a0\u00a0\u00a0\u00a0\u00a0\u00a0\u00a0\u00a0\u00a0\u00a0\u00a0\u00a0\u00a0\u00a0\u00a0\u00a0\u00a0\u00a0\u00a0\u00a0\u00a0\u00a0\u00a0\u00a0\u00a0\u00a0\u00a0\u00a0\u00a0\u00a0 \u00a0\u00a0\u00a0\u00a0\u00a0\u00a0\u00a0 Tr\u00e2n tr\u1ecdng,<\/em><\/strong><\/p>\n<p style=\"text-align: right;\"><strong>\u00a0\u00a0\u00a0\u00a0\u00a0\u00a0\u00a0\u00a0\u00a0\u00a0\u00a0\u00a0\u00a0\u00a0\u00a0\u00a0\u00a0\u00a0\u00a0 C\u00d4NG TY TNHH MARIES<\/strong><\/p>\n","protected":false},"excerpt":{"rendered":"<p>TH\u00d4NG TIN TUY\u1ec2N D\u1ee4NG V\u1ecb tr\u00ed: Nh\u00e2n vi\u00ean sales 1, TH\u00d4NG TIN TUY\u1ec2N D\u1ee4NG S\u1ed1 l\u01b0\u1ee3ng: 02 (N\u1eef) Th\u1eddi gian l\u00e0m vi\u1ec7c: 8h\/ng\u00e0y, xoay ca + Ca s\u00e1ng: 7h00 \u2013 15h00 + Ca chi\u1ec1u: 14h00 \u2013 22h00 N\u01a1i l\u00e0m vi\u1ec7c: Showroom Maries \u2013 54A Chu V\u0103n An, Hu\u1ebf 2, V\u1ec0 MARIES Maries l\u00e0 doanh nghi\u1ec7p&#8230;<\/p>\n","protected":false},"author":1,"featured_media":21174,"parent":21169,"menu_order":0,"comment_status":"closed","ping_status":"closed","template":"","meta":{"inline_featured_image":false,"footnotes":""},"yoast_head":"<!-- This site is optimized with the Yoast SEO plugin v20.13 - https:\/\/yoast.com\/wordpress\/plugins\/seo\/ -->\n<title>Nh\u00e2n vi\u00ean sales - Maries - By Viet Artisans<\/title>\n<meta name=\"robots\" content=\"index, follow, max-snippet:-1, max-image-preview:large, max-video-preview:-1\" \/>\n<link rel=\"canonical\" href=\"https:\/\/madebymaries.com\/co-hoi-viec-lam\/nhan-vien-sales\/\" \/>\n<meta property=\"og:locale\" content=\"en_US\" \/>\n<meta property=\"og:type\" content=\"article\" \/>\n<meta property=\"og:title\" content=\"Nh\u00e2n vi\u00ean sales - Maries - By Viet Artisans\" \/>\n<meta property=\"og:description\" content=\"TH\u00d4NG TIN TUY\u1ec2N D\u1ee4NG V\u1ecb tr\u00ed: Nh\u00e2n vi\u00ean sales 1, TH\u00d4NG TIN TUY\u1ec2N D\u1ee4NG S\u1ed1 l\u01b0\u1ee3ng: 02 (N\u1eef) Th\u1eddi gian l\u00e0m vi\u1ec7c: 8h\/ng\u00e0y, xoay ca + Ca s\u00e1ng: 7h00 \u2013 15h00 + Ca chi\u1ec1u: 14h00 \u2013 22h00 N\u01a1i l\u00e0m vi\u1ec7c: Showroom Maries \u2013 54A Chu V\u0103n An, Hu\u1ebf 2, V\u1ec0 MARIES Maries l\u00e0 doanh nghi\u1ec7p...\" \/>\n<meta property=\"og:url\" content=\"https:\/\/madebymaries.com\/co-hoi-viec-lam\/nhan-vien-sales\/\" \/>\n<meta property=\"og:site_name\" content=\"Maries - By Viet Artisans\" \/>\n<meta property=\"article:publisher\" content=\"https:\/\/www.facebook.com\/MariesCoBangXuHue\/\" \/>\n<meta property=\"og:image\" content=\"https:\/\/madebymaries.com\/wp-content\/uploads\/2025\/09\/333194336_892227785420185_5204987176647967040_n.jpg\" \/>\n\t<meta property=\"og:image:width\" content=\"2048\" \/>\n\t<meta property=\"og:image:height\" content=\"2048\" \/>\n\t<meta property=\"og:image:type\" content=\"image\/jpeg\" \/>\n<meta name=\"twitter:card\" content=\"summary_large_image\" \/>\n<meta name=\"twitter:label1\" content=\"Est. reading time\" \/>\n\t<meta name=\"twitter:data1\" content=\"3 minutes\" \/>\n<script type=\"application\/ld+json\" class=\"yoast-schema-graph\">{\"@context\":\"https:\/\/schema.org\",\"@graph\":[{\"@type\":\"WebPage\",\"@id\":\"https:\/\/madebymaries.com\/co-hoi-viec-lam\/nhan-vien-sales\/\",\"url\":\"https:\/\/madebymaries.com\/co-hoi-viec-lam\/nhan-vien-sales\/\",\"name\":\"Nh\u00e2n vi\u00ean sales - Maries - By Viet Artisans\",\"isPartOf\":{\"@id\":\"https:\/\/madebymaries.com\/#website\"},\"datePublished\":\"2025-09-07T03:38:33+00:00\",\"dateModified\":\"2025-09-07T03:38:33+00:00\",\"breadcrumb\":{\"@id\":\"https:\/\/madebymaries.com\/co-hoi-viec-lam\/nhan-vien-sales\/#breadcrumb\"},\"inLanguage\":\"en-US\",\"potentialAction\":[{\"@type\":\"ReadAction\",\"target\":[\"https:\/\/madebymaries.com\/co-hoi-viec-lam\/nhan-vien-sales\/\"]}]},{\"@type\":\"BreadcrumbList\",\"@id\":\"https:\/\/madebymaries.com\/co-hoi-viec-lam\/nhan-vien-sales\/#breadcrumb\",\"itemListElement\":[{\"@type\":\"ListItem\",\"position\":1,\"name\":\"Home\",\"item\":\"https:\/\/madebymaries.com\/en\/\"},{\"@type\":\"ListItem\",\"position\":2,\"name\":\"C\u01a1 h\u1ed9i vi\u1ec7c l\u00e0m\",\"item\":\"https:\/\/madebymaries.com\/co-hoi-viec-lam\/\"},{\"@type\":\"ListItem\",\"position\":3,\"name\":\"Nh\u00e2n vi\u00ean sales\"}]},{\"@type\":\"WebSite\",\"@id\":\"https:\/\/madebymaries.com\/#website\",\"url\":\"https:\/\/madebymaries.com\/\",\"name\":\"Maries - By Viet Artisans\",\"description\":\"\",\"publisher\":{\"@id\":\"https:\/\/madebymaries.com\/#organization\"},\"potentialAction\":[{\"@type\":\"SearchAction\",\"target\":{\"@type\":\"EntryPoint\",\"urlTemplate\":\"https:\/\/madebymaries.com\/?s={search_term_string}\"},\"query-input\":\"required name=search_term_string\"}],\"inLanguage\":\"en-US\"},{\"@type\":\"Organization\",\"@id\":\"https:\/\/madebymaries.com\/#organization\",\"name\":\"Marie's - C\u1ecf B\u00e0ng X\u1ee9 Hu\u1ebf\",\"url\":\"https:\/\/madebymaries.com\/\",\"logo\":{\"@type\":\"ImageObject\",\"inLanguage\":\"en-US\",\"@id\":\"https:\/\/madebymaries.com\/#\/schema\/logo\/image\/\",\"url\":\"https:\/\/madebymaries.com\/wp-content\/uploads\/2023\/02\/z4135146430072_ccc313b7bbfa840e2f3f91dc80ec74d1-removebg-preview.png\",\"contentUrl\":\"https:\/\/madebymaries.com\/wp-content\/uploads\/2023\/02\/z4135146430072_ccc313b7bbfa840e2f3f91dc80ec74d1-removebg-preview.png\",\"width\":666,\"height\":375,\"caption\":\"Marie's - C\u1ecf B\u00e0ng X\u1ee9 Hu\u1ebf\"},\"image\":{\"@id\":\"https:\/\/madebymaries.com\/#\/schema\/logo\/image\/\"},\"sameAs\":[\"https:\/\/www.facebook.com\/MariesCoBangXuHue\/\",\"https:\/\/www.pinterest.com\/made_by_maries\/_created\/\",\"https:\/\/www.youtube.com\/channel\/UCFzuz4uO6jjiJoAqd_8y8MQ\"]}]}<\/script>\n<!-- \/ Yoast SEO plugin. -->","yoast_head_json":{"title":"Nh\u00e2n vi\u00ean sales - Maries - By Viet Artisans","robots":{"index":"index","follow":"follow","max-snippet":"max-snippet:-1","max-image-preview":"max-image-preview:large","max-video-preview":"max-video-preview:-1"},"canonical":"https:\/\/madebymaries.com\/co-hoi-viec-lam\/nhan-vien-sales\/","og_locale":"en_US","og_type":"article","og_title":"Nh\u00e2n vi\u00ean sales - Maries - By Viet Artisans","og_description":"TH\u00d4NG TIN TUY\u1ec2N D\u1ee4NG V\u1ecb tr\u00ed: Nh\u00e2n vi\u00ean sales 1, TH\u00d4NG TIN TUY\u1ec2N D\u1ee4NG S\u1ed1 l\u01b0\u1ee3ng: 02 (N\u1eef) Th\u1eddi gian l\u00e0m vi\u1ec7c: 8h\/ng\u00e0y, xoay ca + Ca s\u00e1ng: 7h00 \u2013 15h00 + Ca chi\u1ec1u: 14h00 \u2013 22h00 N\u01a1i l\u00e0m vi\u1ec7c: Showroom Maries \u2013 54A Chu V\u0103n An, Hu\u1ebf 2, V\u1ec0 MARIES Maries l\u00e0 doanh nghi\u1ec7p...","og_url":"https:\/\/madebymaries.com\/co-hoi-viec-lam\/nhan-vien-sales\/","og_site_name":"Maries - By Viet Artisans","article_publisher":"https:\/\/www.facebook.com\/MariesCoBangXuHue\/","og_image":[{"width":2048,"height":2048,"url":"https:\/\/madebymaries.com\/wp-content\/uploads\/2025\/09\/333194336_892227785420185_5204987176647967040_n.jpg","type":"image\/jpeg"}],"twitter_card":"summary_large_image","twitter_misc":{"Est. reading time":"3 minutes"},"schema":{"@context":"https:\/\/schema.org","@graph":[{"@type":"WebPage","@id":"https:\/\/madebymaries.com\/co-hoi-viec-lam\/nhan-vien-sales\/","url":"https:\/\/madebymaries.com\/co-hoi-viec-lam\/nhan-vien-sales\/","name":"Nh\u00e2n vi\u00ean sales - Maries - By Viet Artisans","isPartOf":{"@id":"https:\/\/madebymaries.com\/#website"},"datePublished":"2025-09-07T03:38:33+00:00","dateModified":"2025-09-07T03:38:33+00:00","breadcrumb":{"@id":"https:\/\/madebymaries.com\/co-hoi-viec-lam\/nhan-vien-sales\/#breadcrumb"},"inLanguage":"en-US","potentialAction":[{"@type":"ReadAction","target":["https:\/\/madebymaries.com\/co-hoi-viec-lam\/nhan-vien-sales\/"]}]},{"@type":"BreadcrumbList","@id":"https:\/\/madebymaries.com\/co-hoi-viec-lam\/nhan-vien-sales\/#breadcrumb","itemListElement":[{"@type":"ListItem","position":1,"name":"Home","item":"https:\/\/madebymaries.com\/en\/"},{"@type":"ListItem","position":2,"name":"C\u01a1 h\u1ed9i vi\u1ec7c l\u00e0m","item":"https:\/\/madebymaries.com\/co-hoi-viec-lam\/"},{"@type":"ListItem","position":3,"name":"Nh\u00e2n vi\u00ean sales"}]},{"@type":"WebSite","@id":"https:\/\/madebymaries.com\/#website","url":"https:\/\/madebymaries.com\/","name":"Maries - By Viet Artisans","description":"","publisher":{"@id":"https:\/\/madebymaries.com\/#organization"},"potentialAction":[{"@type":"SearchAction","target":{"@type":"EntryPoint","urlTemplate":"https:\/\/madebymaries.com\/?s={search_term_string}"},"query-input":"required name=search_term_string"}],"inLanguage":"en-US"},{"@type":"Organization","@id":"https:\/\/madebymaries.com\/#organization","name":"Marie's - C\u1ecf B\u00e0ng X\u1ee9 Hu\u1ebf","url":"https:\/\/madebymaries.com\/","logo":{"@type":"ImageObject","inLanguage":"en-US","@id":"https:\/\/madebymaries.com\/#\/schema\/logo\/image\/","url":"https:\/\/madebymaries.com\/wp-content\/uploads\/2023\/02\/z4135146430072_ccc313b7bbfa840e2f3f91dc80ec74d1-removebg-preview.png","contentUrl":"https:\/\/madebymaries.com\/wp-content\/uploads\/2023\/02\/z4135146430072_ccc313b7bbfa840e2f3f91dc80ec74d1-removebg-preview.png","width":666,"height":375,"caption":"Marie's - C\u1ecf B\u00e0ng X\u1ee9 Hu\u1ebf"},"image":{"@id":"https:\/\/madebymaries.com\/#\/schema\/logo\/image\/"},"sameAs":["https:\/\/www.facebook.com\/MariesCoBangXuHue\/","https:\/\/www.pinterest.com\/made_by_maries\/_created\/","https:\/\/www.youtube.com\/channel\/UCFzuz4uO6jjiJoAqd_8y8MQ"]}]}},"acf":[],"_links":{"self":[{"href":"https:\/\/madebymaries.com\/en\/wp-json\/wp\/v2\/pages\/21189"}],"collection":[{"href":"https:\/\/madebymaries.com\/en\/wp-json\/wp\/v2\/pages"}],"about":[{"href":"https:\/\/madebymaries.com\/en\/wp-json\/wp\/v2\/types\/page"}],"author":[{"embeddable":true,"href":"https:\/\/madebymaries.com\/en\/wp-json\/wp\/v2\/users\/1"}],"replies":[{"embeddable":true,"href":"https:\/\/madebymaries.com\/en\/wp-json\/wp\/v2\/comments?post=21189"}],"version-history":[{"count":1,"href":"https:\/\/madebymaries.com\/en\/wp-json\/wp\/v2\/pages\/21189\/revisions"}],"predecessor-version":[{"id":21190,"href":"https:\/\/madebymaries.com\/en\/wp-json\/wp\/v2\/pages\/21189\/revisions\/21190"}],"up":[{"embeddable":true,"href":"https:\/\/madebymaries.com\/en\/wp-json\/wp\/v2\/pages\/21169"}],"wp:featuredmedia":[{"embeddable":true,"href":"https:\/\/madebymaries.com\/en\/wp-json\/wp\/v2\/media\/21174"}],"wp:attachment":[{"href":"https:\/\/madebymaries.com\/en\/wp-json\/wp\/v2\/media?parent=21189"}],"curies":[{"name":"wp","href":"https:\/\/api.w.org\/{rel}","templated":true}]}}