{"id":15691,"date":"2024-01-26T16:55:45","date_gmt":"2024-01-26T09:55:45","guid":{"rendered":"https:\/\/madebymaries.com\/?post_type=product&#038;p=15691"},"modified":"2025-05-27T17:09:33","modified_gmt":"2025-05-27T10:09:33","slug":"tcbpa10","status":"publish","type":"product","link":"https:\/\/madebymaries.com\/en\/san-pham\/tcbpa10\/","title":{"rendered":"TCBPA10"},"content":{"rendered":"<p><img decoding=\"async\" loading=\"lazy\" class=\"alignnone size-full wp-image-17714\" src=\"https:\/\/madebymaries.com\/wp-content\/uploads\/2023\/06\/2d4bb293be161a484307.jpg\" alt=\"\" width=\"1748\" height=\"1240\" srcset=\"https:\/\/madebymaries.com\/wp-content\/uploads\/2023\/06\/2d4bb293be161a484307.jpg 1748w, https:\/\/madebymaries.com\/wp-content\/uploads\/2023\/06\/2d4bb293be161a484307-300x213.jpg 300w, https:\/\/madebymaries.com\/wp-content\/uploads\/2023\/06\/2d4bb293be161a484307-1024x726.jpg 1024w, https:\/\/madebymaries.com\/wp-content\/uploads\/2023\/06\/2d4bb293be161a484307-768x545.jpg 768w, https:\/\/madebymaries.com\/wp-content\/uploads\/2023\/06\/2d4bb293be161a484307-1536x1090.jpg 1536w, https:\/\/madebymaries.com\/wp-content\/uploads\/2023\/06\/2d4bb293be161a484307-400x284.jpg 400w\" sizes=\"(max-width: 1748px) 100vw, 1748px\" \/><\/p>\n","protected":false},"excerpt":{"rendered":"","protected":false},"featured_media":20571,"comment_status":"open","ping_status":"closed","template":"","meta":{"inline_featured_image":false},"product_cat":[812,372],"product_tag":[],"yoast_head":"<!-- This site is optimized with the Yoast SEO plugin v20.13 - https:\/\/yoast.com\/wordpress\/plugins\/seo\/ -->\n<title>TCBPA10 Maries - By Viet Artisans<\/title>\n<meta name=\"description\" content=\"Marie\u2019s l\u00e0 th\u01b0\u01a1ng hi\u1ec7u h\u00e0ng th\u1ee7 c\u00f4ng m\u1ef9 ngh\u1ec7 v\u1edbi s\u1ea3n ph\u1ea9m mang t\u00ednh \u0111\u1ed9c \u0111\u00e1o, s\u00e1ng t\u1ea1o v\u00e0 c\u00f3 gi\u00e1 tr\u1ecb th\u1ea9m m\u1ef9 cao v\u1edbi s\u1ee9 m\u1ec7nh nu\u00f4i d\u01b0\u1ee1ng v\u00e0 n\u00e2ng cao gi\u00e1 tr\u1ecb c\u1ee7a ngh\u1ec1 truy\u1ec1n th\u1ed1ng Hu\u1ebf.\" \/>\n<meta name=\"robots\" content=\"index, follow, max-snippet:-1, max-image-preview:large, max-video-preview:-1\" \/>\n<link rel=\"canonical\" href=\"https:\/\/madebymaries.com\/san-pham\/tcbpa10\/\" \/>\n<meta property=\"og:locale\" content=\"en_US\" \/>\n<meta property=\"og:type\" content=\"article\" \/>\n<meta property=\"og:title\" content=\"TCBPA10 Maries - By Viet Artisans\" \/>\n<meta property=\"og:description\" content=\"Marie\u2019s l\u00e0 th\u01b0\u01a1ng hi\u1ec7u h\u00e0ng th\u1ee7 c\u00f4ng m\u1ef9 ngh\u1ec7 v\u1edbi s\u1ea3n ph\u1ea9m mang t\u00ednh \u0111\u1ed9c \u0111\u00e1o, s\u00e1ng t\u1ea1o v\u00e0 c\u00f3 gi\u00e1 tr\u1ecb th\u1ea9m m\u1ef9 cao v\u1edbi s\u1ee9 m\u1ec7nh nu\u00f4i d\u01b0\u1ee1ng v\u00e0 n\u00e2ng cao gi\u00e1 tr\u1ecb c\u1ee7a ngh\u1ec1 truy\u1ec1n th\u1ed1ng Hu\u1ebf.\" \/>\n<meta property=\"og:url\" content=\"https:\/\/madebymaries.com\/san-pham\/tcbpa10\/\" \/>\n<meta property=\"og:site_name\" content=\"Maries - By Viet Artisans\" \/>\n<meta property=\"article:publisher\" content=\"https:\/\/www.facebook.com\/MariesCoBangXuHue\/\" \/>\n<meta property=\"article:modified_time\" content=\"2025-05-27T10:09:33+00:00\" \/>\n<meta property=\"og:image\" content=\"https:\/\/madebymaries.com\/wp-content\/uploads\/2025\/05\/59-scaled.jpg\" \/>\n\t<meta property=\"og:image:width\" content=\"2560\" \/>\n\t<meta property=\"og:image:height\" content=\"2560\" \/>\n\t<meta property=\"og:image:type\" content=\"image\/jpeg\" \/>\n<meta name=\"twitter:card\" content=\"summary_large_image\" \/>\n<script type=\"application\/ld+json\" class=\"yoast-schema-graph\">{\"@context\":\"https:\/\/schema.org\",\"@graph\":[{\"@type\":\"WebPage\",\"@id\":\"https:\/\/madebymaries.com\/san-pham\/tcbpa10\/\",\"url\":\"https:\/\/madebymaries.com\/san-pham\/tcbpa10\/\",\"name\":\"TCBPA10 Maries - By Viet Artisans\",\"isPartOf\":{\"@id\":\"https:\/\/madebymaries.com\/#website\"},\"datePublished\":\"2024-01-26T09:55:45+00:00\",\"dateModified\":\"2025-05-27T10:09:33+00:00\",\"description\":\"Marie\u2019s l\u00e0 th\u01b0\u01a1ng hi\u1ec7u h\u00e0ng th\u1ee7 c\u00f4ng m\u1ef9 ngh\u1ec7 v\u1edbi s\u1ea3n ph\u1ea9m mang t\u00ednh \u0111\u1ed9c \u0111\u00e1o, s\u00e1ng t\u1ea1o v\u00e0 c\u00f3 gi\u00e1 tr\u1ecb th\u1ea9m m\u1ef9 cao v\u1edbi s\u1ee9 m\u1ec7nh nu\u00f4i d\u01b0\u1ee1ng v\u00e0 n\u00e2ng cao gi\u00e1 tr\u1ecb c\u1ee7a ngh\u1ec1 truy\u1ec1n th\u1ed1ng Hu\u1ebf.\",\"breadcrumb\":{\"@id\":\"https:\/\/madebymaries.com\/san-pham\/tcbpa10\/#breadcrumb\"},\"inLanguage\":\"en-US\",\"potentialAction\":[{\"@type\":\"ReadAction\",\"target\":[\"https:\/\/madebymaries.com\/san-pham\/tcbpa10\/\"]}]},{\"@type\":\"BreadcrumbList\",\"@id\":\"https:\/\/madebymaries.com\/san-pham\/tcbpa10\/#breadcrumb\",\"itemListElement\":[{\"@type\":\"ListItem\",\"position\":1,\"name\":\"Home\",\"item\":\"https:\/\/madebymaries.com\/en\/\"},{\"@type\":\"ListItem\",\"position\":2,\"name\":\"Products of Maries\",\"item\":\"https:\/\/madebymaries.com\/en\/products-of-maries\/\"},{\"@type\":\"ListItem\",\"position\":3,\"name\":\"TCBPA10\"}]},{\"@type\":\"WebSite\",\"@id\":\"https:\/\/madebymaries.com\/#website\",\"url\":\"https:\/\/madebymaries.com\/\",\"name\":\"Maries - By Viet Artisans\",\"description\":\"\",\"publisher\":{\"@id\":\"https:\/\/madebymaries.com\/#organization\"},\"potentialAction\":[{\"@type\":\"SearchAction\",\"target\":{\"@type\":\"EntryPoint\",\"urlTemplate\":\"https:\/\/madebymaries.com\/?s={search_term_string}\"},\"query-input\":\"required name=search_term_string\"}],\"inLanguage\":\"en-US\"},{\"@type\":\"Organization\",\"@id\":\"https:\/\/madebymaries.com\/#organization\",\"name\":\"Marie's - C\u1ecf B\u00e0ng X\u1ee9 Hu\u1ebf\",\"url\":\"https:\/\/madebymaries.com\/\",\"logo\":{\"@type\":\"ImageObject\",\"inLanguage\":\"en-US\",\"@id\":\"https:\/\/madebymaries.com\/#\/schema\/logo\/image\/\",\"url\":\"https:\/\/madebymaries.com\/wp-content\/uploads\/2023\/02\/z4135146430072_ccc313b7bbfa840e2f3f91dc80ec74d1-removebg-preview.png\",\"contentUrl\":\"https:\/\/madebymaries.com\/wp-content\/uploads\/2023\/02\/z4135146430072_ccc313b7bbfa840e2f3f91dc80ec74d1-removebg-preview.png\",\"width\":666,\"height\":375,\"caption\":\"Marie's - C\u1ecf B\u00e0ng X\u1ee9 Hu\u1ebf\"},\"image\":{\"@id\":\"https:\/\/madebymaries.com\/#\/schema\/logo\/image\/\"},\"sameAs\":[\"https:\/\/www.facebook.com\/MariesCoBangXuHue\/\",\"https:\/\/www.pinterest.com\/made_by_maries\/_created\/\",\"https:\/\/www.youtube.com\/channel\/UCFzuz4uO6jjiJoAqd_8y8MQ\"]}]}<\/script>\n<!-- \/ Yoast SEO plugin. -->","yoast_head_json":{"title":"TCBPA10 Maries - By Viet Artisans","description":"Marie\u2019s l\u00e0 th\u01b0\u01a1ng hi\u1ec7u h\u00e0ng th\u1ee7 c\u00f4ng m\u1ef9 ngh\u1ec7 v\u1edbi s\u1ea3n ph\u1ea9m mang t\u00ednh \u0111\u1ed9c \u0111\u00e1o, s\u00e1ng t\u1ea1o v\u00e0 c\u00f3 gi\u00e1 tr\u1ecb th\u1ea9m m\u1ef9 cao v\u1edbi s\u1ee9 m\u1ec7nh nu\u00f4i d\u01b0\u1ee1ng v\u00e0 n\u00e2ng cao gi\u00e1 tr\u1ecb c\u1ee7a ngh\u1ec1 truy\u1ec1n th\u1ed1ng Hu\u1ebf.","robots":{"index":"index","follow":"follow","max-snippet":"max-snippet:-1","max-image-preview":"max-image-preview:large","max-video-preview":"max-video-preview:-1"},"canonical":"https:\/\/madebymaries.com\/san-pham\/tcbpa10\/","og_locale":"en_US","og_type":"article","og_title":"TCBPA10 Maries - By Viet Artisans","og_description":"Marie\u2019s l\u00e0 th\u01b0\u01a1ng hi\u1ec7u h\u00e0ng th\u1ee7 c\u00f4ng m\u1ef9 ngh\u1ec7 v\u1edbi s\u1ea3n ph\u1ea9m mang t\u00ednh \u0111\u1ed9c \u0111\u00e1o, s\u00e1ng t\u1ea1o v\u00e0 c\u00f3 gi\u00e1 tr\u1ecb th\u1ea9m m\u1ef9 cao v\u1edbi s\u1ee9 m\u1ec7nh nu\u00f4i d\u01b0\u1ee1ng v\u00e0 n\u00e2ng cao gi\u00e1 tr\u1ecb c\u1ee7a ngh\u1ec1 truy\u1ec1n th\u1ed1ng Hu\u1ebf.","og_url":"https:\/\/madebymaries.com\/san-pham\/tcbpa10\/","og_site_name":"Maries - By Viet Artisans","article_publisher":"https:\/\/www.facebook.com\/MariesCoBangXuHue\/","article_modified_time":"2025-05-27T10:09:33+00:00","og_image":[{"width":2560,"height":2560,"url":"https:\/\/madebymaries.com\/wp-content\/uploads\/2025\/05\/59-scaled.jpg","type":"image\/jpeg"}],"twitter_card":"summary_large_image","schema":{"@context":"https:\/\/schema.org","@graph":[{"@type":"WebPage","@id":"https:\/\/madebymaries.com\/san-pham\/tcbpa10\/","url":"https:\/\/madebymaries.com\/san-pham\/tcbpa10\/","name":"TCBPA10 Maries - By Viet Artisans","isPartOf":{"@id":"https:\/\/madebymaries.com\/#website"},"datePublished":"2024-01-26T09:55:45+00:00","dateModified":"2025-05-27T10:09:33+00:00","description":"Marie\u2019s l\u00e0 th\u01b0\u01a1ng hi\u1ec7u h\u00e0ng th\u1ee7 c\u00f4ng m\u1ef9 ngh\u1ec7 v\u1edbi s\u1ea3n ph\u1ea9m mang t\u00ednh \u0111\u1ed9c \u0111\u00e1o, s\u00e1ng t\u1ea1o v\u00e0 c\u00f3 gi\u00e1 tr\u1ecb th\u1ea9m m\u1ef9 cao v\u1edbi s\u1ee9 m\u1ec7nh nu\u00f4i d\u01b0\u1ee1ng v\u00e0 n\u00e2ng cao gi\u00e1 tr\u1ecb c\u1ee7a ngh\u1ec1 truy\u1ec1n th\u1ed1ng Hu\u1ebf.","breadcrumb":{"@id":"https:\/\/madebymaries.com\/san-pham\/tcbpa10\/#breadcrumb"},"inLanguage":"en-US","potentialAction":[{"@type":"ReadAction","target":["https:\/\/madebymaries.com\/san-pham\/tcbpa10\/"]}]},{"@type":"BreadcrumbList","@id":"https:\/\/madebymaries.com\/san-pham\/tcbpa10\/#breadcrumb","itemListElement":[{"@type":"ListItem","position":1,"name":"Home","item":"https:\/\/madebymaries.com\/en\/"},{"@type":"ListItem","position":2,"name":"Products of Maries","item":"https:\/\/madebymaries.com\/en\/products-of-maries\/"},{"@type":"ListItem","position":3,"name":"TCBPA10"}]},{"@type":"WebSite","@id":"https:\/\/madebymaries.com\/#website","url":"https:\/\/madebymaries.com\/","name":"Maries - By Viet Artisans","description":"","publisher":{"@id":"https:\/\/madebymaries.com\/#organization"},"potentialAction":[{"@type":"SearchAction","target":{"@type":"EntryPoint","urlTemplate":"https:\/\/madebymaries.com\/?s={search_term_string}"},"query-input":"required name=search_term_string"}],"inLanguage":"en-US"},{"@type":"Organization","@id":"https:\/\/madebymaries.com\/#organization","name":"Marie's - C\u1ecf B\u00e0ng X\u1ee9 Hu\u1ebf","url":"https:\/\/madebymaries.com\/","logo":{"@type":"ImageObject","inLanguage":"en-US","@id":"https:\/\/madebymaries.com\/#\/schema\/logo\/image\/","url":"https:\/\/madebymaries.com\/wp-content\/uploads\/2023\/02\/z4135146430072_ccc313b7bbfa840e2f3f91dc80ec74d1-removebg-preview.png","contentUrl":"https:\/\/madebymaries.com\/wp-content\/uploads\/2023\/02\/z4135146430072_ccc313b7bbfa840e2f3f91dc80ec74d1-removebg-preview.png","width":666,"height":375,"caption":"Marie's - C\u1ecf B\u00e0ng X\u1ee9 Hu\u1ebf"},"image":{"@id":"https:\/\/madebymaries.com\/#\/schema\/logo\/image\/"},"sameAs":["https:\/\/www.facebook.com\/MariesCoBangXuHue\/","https:\/\/www.pinterest.com\/made_by_maries\/_created\/","https:\/\/www.youtube.com\/channel\/UCFzuz4uO6jjiJoAqd_8y8MQ"]}]}},"acf":[],"_links":{"self":[{"href":"https:\/\/madebymaries.com\/en\/wp-json\/wp\/v2\/product\/15691"}],"collection":[{"href":"https:\/\/madebymaries.com\/en\/wp-json\/wp\/v2\/product"}],"about":[{"href":"https:\/\/madebymaries.com\/en\/wp-json\/wp\/v2\/types\/product"}],"replies":[{"embeddable":true,"href":"https:\/\/madebymaries.com\/en\/wp-json\/wp\/v2\/comments?post=15691"}],"wp:featuredmedia":[{"embeddable":true,"href":"https:\/\/madebymaries.com\/en\/wp-json\/wp\/v2\/media\/20571"}],"wp:attachment":[{"href":"https:\/\/madebymaries.com\/en\/wp-json\/wp\/v2\/media?parent=15691"}],"wp:term":[{"taxonomy":"product_cat","embeddable":true,"href":"https:\/\/madebymaries.com\/en\/wp-json\/wp\/v2\/product_cat?post=15691"},{"taxonomy":"product_tag","embeddable":true,"href":"https:\/\/madebymaries.com\/en\/wp-json\/wp\/v2\/product_tag?post=15691"}],"curies":[{"name":"wp","href":"https:\/\/api.w.org\/{rel}","templated":true}]}}