{"id":500,"date":"2020-10-22T15:07:38","date_gmt":"2020-10-22T08:07:38","guid":{"rendered":"https:\/\/madebymaries.com\/?post_type=product&#038;p=500"},"modified":"2025-10-13T16:04:47","modified_gmt":"2025-10-13T09:04:47","slug":"tui-co-bang-party","status":"publish","type":"product","link":"https:\/\/madebymaries.com\/en\/san-pham\/tui-co-bang-party\/","title":{"rendered":"T\u00fai Party"},"content":{"rendered":"<p><img decoding=\"async\" loading=\"lazy\" class=\"alignnone size-full wp-image-6946\" src=\"https:\/\/madebymaries.com\/wp-content\/uploads\/2020\/10\/z3682465597607_ae59f6a432e8188b54b80315fabbb85b.jpg\" alt=\"\" width=\"1748\" height=\"1240\" \/><\/p>\n","protected":false},"excerpt":{"rendered":"<div dir=\"auto\">\ud835\udc7b\ud835\udc89\ud835\udc90\u0302\ud835\udc8f\ud835\udc88 \ud835\udc95\ud835\udc8a\ud835\udc8f \ud835\udc94\ud835\udc82\u0309\ud835\udc8f \ud835\udc91\ud835\udc89\ud835\udc82\u0302\u0309\ud835\udc8e:<\/div>\n<div dir=\"auto\">\u25e6 Ch\u1ea5t li\u1ec7u: S\u1ee3i C\u1ecf B\u00e0ng<\/div>\n<div dir=\"auto\">\u25e6 M\u00e0u s\u1eafc: T\u1ef1 nhi\u00ean<\/div>\n<div dir=\"auto\">\u25e6 K\u00edch th\u01b0\u1edbc: R\u1ed9ng Mi\u1ec7ng 33cm x Cao 22cm x \u0110\u00e1y 22x12cm<\/div>\n<div dir=\"auto\">\u25e6 K\u00edch th\u01b0\u1edbc l\u1ecdt l\u00f2ng: 30cm<\/div>\n<div dir=\"auto\">\u25e6 \u0110\u1ed9 d\u00e0i quai: 12cm<\/div>\n<div dir=\"auto\">\u25e6 Tr\u1ecdng l\u01b0\u1ee3ng: 250g<\/div>\n<div dir=\"auto\">\u25e6 Chi ti\u1ebft:<\/div>\n<div dir=\"auto\">+ Quai x\u00e1ch v\u00e0 c\u00e1c g\u00f3c \u0111\u00e1y \u0111\u01b0\u1ee3c l\u00e0m b\u1eb1ng da b\u00f2 th\u1eadt<\/div>\n<div dir=\"auto\">+ L\u00f3t v\u1ea3i v\u00e0 ng\u0103n nh\u1ecf ph\u00eda trong<\/div>\n<div dir=\"auto\">+ N\u01a1 v\u1ea3i l\u1ee5a m\u1ec1m ho\u1eb7c Ho\u1ea1 ti\u1ebft v\u1ebd tay, m\u00e0u Acrylic<\/div>\n<div dir=\"auto\">\u25e6 B\u1ea3o qu\u1ea3n n\u01a1i kh\u00f4 r\u00e1o<\/div>\n","protected":false},"featured_media":0,"comment_status":"open","ping_status":"closed","template":"","meta":{"inline_featured_image":false},"product_cat":[24],"product_tag":[313,321,227,226,319],"yoast_head":"<!-- This site is optimized with the Yoast SEO plugin v20.13 - https:\/\/yoast.com\/wordpress\/plugins\/seo\/ -->\n<title>T\u00fai Party Maries - By Viet Artisans<\/title>\n<meta name=\"description\" content=\"T\u00fai c\u1ecf b\u00e0ng party l\u00e0 m\u1ed9t d\u00f2ng t\u00fai cao c\u1ea5p c\u1ee7a c\u00f4ng ty Marie\u2019s. C\u00f3i b\u00e0ng \u0111\u01b0\u1ee3c ch\u1ecdn l\u1ecdc v\u00e0 k\u1ef9 thu\u1eadt \u0111an tay truy\u1ec1n th\u1ed1ng t\u1ec9 m\u1ec9.\" \/>\n<meta name=\"robots\" content=\"index, follow, max-snippet:-1, max-image-preview:large, max-video-preview:-1\" \/>\n<link rel=\"canonical\" href=\"https:\/\/madebymaries.com\/san-pham\/tui-co-bang-party\/\" \/>\n<meta property=\"og:locale\" content=\"en_US\" \/>\n<meta property=\"og:type\" content=\"article\" \/>\n<meta property=\"og:title\" content=\"T\u00fai Party Maries - By Viet Artisans\" \/>\n<meta property=\"og:description\" content=\"T\u00fai c\u1ecf b\u00e0ng party l\u00e0 m\u1ed9t d\u00f2ng t\u00fai cao c\u1ea5p c\u1ee7a c\u00f4ng ty Marie\u2019s. C\u00f3i b\u00e0ng \u0111\u01b0\u1ee3c ch\u1ecdn l\u1ecdc v\u00e0 k\u1ef9 thu\u1eadt \u0111an tay truy\u1ec1n th\u1ed1ng t\u1ec9 m\u1ec9.\" \/>\n<meta property=\"og:url\" content=\"https:\/\/madebymaries.com\/san-pham\/tui-co-bang-party\/\" \/>\n<meta property=\"og:site_name\" content=\"Maries - By Viet Artisans\" \/>\n<meta property=\"article:publisher\" content=\"https:\/\/www.facebook.com\/MariesCoBangXuHue\/\" \/>\n<meta property=\"article:modified_time\" content=\"2025-10-13T09:04:47+00:00\" \/>\n<meta property=\"og:image\" content=\"https:\/\/madebymaries.com\/wp-content\/uploads\/2020\/10\/Maries-528-\u00d7-528px-7.png\" \/>\n\t<meta property=\"og:image:width\" content=\"924\" \/>\n\t<meta property=\"og:image:height\" content=\"924\" \/>\n\t<meta property=\"og:image:type\" content=\"image\/png\" \/>\n<meta name=\"twitter:card\" content=\"summary_large_image\" \/>\n<meta name=\"twitter:label1\" content=\"Est. reading time\" \/>\n\t<meta name=\"twitter:data1\" content=\"1 minute\" \/>\n<script type=\"application\/ld+json\" class=\"yoast-schema-graph\">{\"@context\":\"https:\/\/schema.org\",\"@graph\":[{\"@type\":\"WebPage\",\"@id\":\"https:\/\/madebymaries.com\/san-pham\/tui-co-bang-party\/\",\"url\":\"https:\/\/madebymaries.com\/san-pham\/tui-co-bang-party\/\",\"name\":\"T\u00fai Party Maries - By Viet Artisans\",\"isPartOf\":{\"@id\":\"https:\/\/madebymaries.com\/#website\"},\"datePublished\":\"2020-10-22T08:07:38+00:00\",\"dateModified\":\"2025-10-13T09:04:47+00:00\",\"description\":\"T\u00fai c\u1ecf b\u00e0ng party l\u00e0 m\u1ed9t d\u00f2ng t\u00fai cao c\u1ea5p c\u1ee7a c\u00f4ng ty Marie\u2019s. C\u00f3i b\u00e0ng \u0111\u01b0\u1ee3c ch\u1ecdn l\u1ecdc v\u00e0 k\u1ef9 thu\u1eadt \u0111an tay truy\u1ec1n th\u1ed1ng t\u1ec9 m\u1ec9.\",\"breadcrumb\":{\"@id\":\"https:\/\/madebymaries.com\/san-pham\/tui-co-bang-party\/#breadcrumb\"},\"inLanguage\":\"en-US\",\"potentialAction\":[{\"@type\":\"ReadAction\",\"target\":[\"https:\/\/madebymaries.com\/san-pham\/tui-co-bang-party\/\"]}]},{\"@type\":\"BreadcrumbList\",\"@id\":\"https:\/\/madebymaries.com\/san-pham\/tui-co-bang-party\/#breadcrumb\",\"itemListElement\":[{\"@type\":\"ListItem\",\"position\":1,\"name\":\"Home\",\"item\":\"https:\/\/madebymaries.com\/en\/\"},{\"@type\":\"ListItem\",\"position\":2,\"name\":\"Products of Maries\",\"item\":\"https:\/\/madebymaries.com\/en\/products-of-maries\/\"},{\"@type\":\"ListItem\",\"position\":3,\"name\":\"T\u00fai Party\"}]},{\"@type\":\"WebSite\",\"@id\":\"https:\/\/madebymaries.com\/#website\",\"url\":\"https:\/\/madebymaries.com\/\",\"name\":\"Maries - By Viet Artisans\",\"description\":\"\",\"publisher\":{\"@id\":\"https:\/\/madebymaries.com\/#organization\"},\"potentialAction\":[{\"@type\":\"SearchAction\",\"target\":{\"@type\":\"EntryPoint\",\"urlTemplate\":\"https:\/\/madebymaries.com\/?s={search_term_string}\"},\"query-input\":\"required name=search_term_string\"}],\"inLanguage\":\"en-US\"},{\"@type\":\"Organization\",\"@id\":\"https:\/\/madebymaries.com\/#organization\",\"name\":\"Marie's - C\u1ecf B\u00e0ng X\u1ee9 Hu\u1ebf\",\"url\":\"https:\/\/madebymaries.com\/\",\"logo\":{\"@type\":\"ImageObject\",\"inLanguage\":\"en-US\",\"@id\":\"https:\/\/madebymaries.com\/#\/schema\/logo\/image\/\",\"url\":\"https:\/\/madebymaries.com\/wp-content\/uploads\/2023\/02\/z4135146430072_ccc313b7bbfa840e2f3f91dc80ec74d1-removebg-preview.png\",\"contentUrl\":\"https:\/\/madebymaries.com\/wp-content\/uploads\/2023\/02\/z4135146430072_ccc313b7bbfa840e2f3f91dc80ec74d1-removebg-preview.png\",\"width\":666,\"height\":375,\"caption\":\"Marie's - C\u1ecf B\u00e0ng X\u1ee9 Hu\u1ebf\"},\"image\":{\"@id\":\"https:\/\/madebymaries.com\/#\/schema\/logo\/image\/\"},\"sameAs\":[\"https:\/\/www.facebook.com\/MariesCoBangXuHue\/\",\"https:\/\/www.pinterest.com\/made_by_maries\/_created\/\",\"https:\/\/www.youtube.com\/channel\/UCFzuz4uO6jjiJoAqd_8y8MQ\"]}]}<\/script>\n<!-- \/ Yoast SEO plugin. -->","yoast_head_json":{"title":"T\u00fai Party Maries - By Viet Artisans","description":"T\u00fai c\u1ecf b\u00e0ng party l\u00e0 m\u1ed9t d\u00f2ng t\u00fai cao c\u1ea5p c\u1ee7a c\u00f4ng ty Marie\u2019s. C\u00f3i b\u00e0ng \u0111\u01b0\u1ee3c ch\u1ecdn l\u1ecdc v\u00e0 k\u1ef9 thu\u1eadt \u0111an tay truy\u1ec1n th\u1ed1ng t\u1ec9 m\u1ec9.","robots":{"index":"index","follow":"follow","max-snippet":"max-snippet:-1","max-image-preview":"max-image-preview:large","max-video-preview":"max-video-preview:-1"},"canonical":"https:\/\/madebymaries.com\/san-pham\/tui-co-bang-party\/","og_locale":"en_US","og_type":"article","og_title":"T\u00fai Party Maries - By Viet Artisans","og_description":"T\u00fai c\u1ecf b\u00e0ng party l\u00e0 m\u1ed9t d\u00f2ng t\u00fai cao c\u1ea5p c\u1ee7a c\u00f4ng ty Marie\u2019s. C\u00f3i b\u00e0ng \u0111\u01b0\u1ee3c ch\u1ecdn l\u1ecdc v\u00e0 k\u1ef9 thu\u1eadt \u0111an tay truy\u1ec1n th\u1ed1ng t\u1ec9 m\u1ec9.","og_url":"https:\/\/madebymaries.com\/san-pham\/tui-co-bang-party\/","og_site_name":"Maries - By Viet Artisans","article_publisher":"https:\/\/www.facebook.com\/MariesCoBangXuHue\/","article_modified_time":"2025-10-13T09:04:47+00:00","og_image":[{"width":924,"height":924,"url":"https:\/\/madebymaries.com\/wp-content\/uploads\/2020\/10\/Maries-528-\u00d7-528px-7.png","type":"image\/png"}],"twitter_card":"summary_large_image","twitter_misc":{"Est. reading time":"1 minute"},"schema":{"@context":"https:\/\/schema.org","@graph":[{"@type":"WebPage","@id":"https:\/\/madebymaries.com\/san-pham\/tui-co-bang-party\/","url":"https:\/\/madebymaries.com\/san-pham\/tui-co-bang-party\/","name":"T\u00fai Party Maries - By Viet Artisans","isPartOf":{"@id":"https:\/\/madebymaries.com\/#website"},"datePublished":"2020-10-22T08:07:38+00:00","dateModified":"2025-10-13T09:04:47+00:00","description":"T\u00fai c\u1ecf b\u00e0ng party l\u00e0 m\u1ed9t d\u00f2ng t\u00fai cao c\u1ea5p c\u1ee7a c\u00f4ng ty Marie\u2019s. C\u00f3i b\u00e0ng \u0111\u01b0\u1ee3c ch\u1ecdn l\u1ecdc v\u00e0 k\u1ef9 thu\u1eadt \u0111an tay truy\u1ec1n th\u1ed1ng t\u1ec9 m\u1ec9.","breadcrumb":{"@id":"https:\/\/madebymaries.com\/san-pham\/tui-co-bang-party\/#breadcrumb"},"inLanguage":"en-US","potentialAction":[{"@type":"ReadAction","target":["https:\/\/madebymaries.com\/san-pham\/tui-co-bang-party\/"]}]},{"@type":"BreadcrumbList","@id":"https:\/\/madebymaries.com\/san-pham\/tui-co-bang-party\/#breadcrumb","itemListElement":[{"@type":"ListItem","position":1,"name":"Home","item":"https:\/\/madebymaries.com\/en\/"},{"@type":"ListItem","position":2,"name":"Products of Maries","item":"https:\/\/madebymaries.com\/en\/products-of-maries\/"},{"@type":"ListItem","position":3,"name":"T\u00fai Party"}]},{"@type":"WebSite","@id":"https:\/\/madebymaries.com\/#website","url":"https:\/\/madebymaries.com\/","name":"Maries - By Viet Artisans","description":"","publisher":{"@id":"https:\/\/madebymaries.com\/#organization"},"potentialAction":[{"@type":"SearchAction","target":{"@type":"EntryPoint","urlTemplate":"https:\/\/madebymaries.com\/?s={search_term_string}"},"query-input":"required name=search_term_string"}],"inLanguage":"en-US"},{"@type":"Organization","@id":"https:\/\/madebymaries.com\/#organization","name":"Marie's - C\u1ecf B\u00e0ng X\u1ee9 Hu\u1ebf","url":"https:\/\/madebymaries.com\/","logo":{"@type":"ImageObject","inLanguage":"en-US","@id":"https:\/\/madebymaries.com\/#\/schema\/logo\/image\/","url":"https:\/\/madebymaries.com\/wp-content\/uploads\/2023\/02\/z4135146430072_ccc313b7bbfa840e2f3f91dc80ec74d1-removebg-preview.png","contentUrl":"https:\/\/madebymaries.com\/wp-content\/uploads\/2023\/02\/z4135146430072_ccc313b7bbfa840e2f3f91dc80ec74d1-removebg-preview.png","width":666,"height":375,"caption":"Marie's - C\u1ecf B\u00e0ng X\u1ee9 Hu\u1ebf"},"image":{"@id":"https:\/\/madebymaries.com\/#\/schema\/logo\/image\/"},"sameAs":["https:\/\/www.facebook.com\/MariesCoBangXuHue\/","https:\/\/www.pinterest.com\/made_by_maries\/_created\/","https:\/\/www.youtube.com\/channel\/UCFzuz4uO6jjiJoAqd_8y8MQ"]}]}},"acf":[],"_links":{"self":[{"href":"https:\/\/madebymaries.com\/en\/wp-json\/wp\/v2\/product\/500"}],"collection":[{"href":"https:\/\/madebymaries.com\/en\/wp-json\/wp\/v2\/product"}],"about":[{"href":"https:\/\/madebymaries.com\/en\/wp-json\/wp\/v2\/types\/product"}],"replies":[{"embeddable":true,"href":"https:\/\/madebymaries.com\/en\/wp-json\/wp\/v2\/comments?post=500"}],"wp:attachment":[{"href":"https:\/\/madebymaries.com\/en\/wp-json\/wp\/v2\/media?parent=500"}],"wp:term":[{"taxonomy":"product_cat","embeddable":true,"href":"https:\/\/madebymaries.com\/en\/wp-json\/wp\/v2\/product_cat?post=500"},{"taxonomy":"product_tag","embeddable":true,"href":"https:\/\/madebymaries.com\/en\/wp-json\/wp\/v2\/product_tag?post=500"}],"curies":[{"name":"wp","href":"https:\/\/api.w.org\/{rel}","templated":true}]}}